{"id":84,"date":"2021-04-29T17:47:20","date_gmt":"2021-04-29T17:47:20","guid":{"rendered":"https:\/\/shop.photoretroviseur.com\/?post_type=product&#038;p=84"},"modified":"2021-12-02T14:44:29","modified_gmt":"2021-12-02T14:44:29","slug":"tour-eiffel","status":"publish","type":"product","link":"https:\/\/shop.photoretroviseur.com\/?product=tour-eiffel","title":{"rendered":"Tour Eiffel"},"content":{"rendered":"<p>Cette photo a \u00e9t\u00e9 prise sur la place du Trocad\u00e9ro. On peut y voir la statue du Mar\u00e9chal Foch et dans le r\u00e9troviseur l&rsquo;esplanade avec en fond la splendide Dame de Fer. La lumi\u00e8re de fin de journ\u00e9e vient illuminer la statue ainsi que la Tour Eiffel et rend ce clich\u00e9 unique et original.<\/p>\n","protected":false},"excerpt":{"rendered":"<p>Edition limit\u00e9e \u00e0 30 exemplaires, num\u00e9rot\u00e9e, dat\u00e9e et sign\u00e9e par mes soins<\/p>\n","protected":false},"featured_media":89,"comment_status":"open","ping_status":"closed","template":"","meta":{"spay_email":""},"product_cat":[25],"product_tag":[],"_links":{"self":[{"href":"https:\/\/shop.photoretroviseur.com\/index.php?rest_route=\/wp\/v2\/product\/84"}],"collection":[{"href":"https:\/\/shop.photoretroviseur.com\/index.php?rest_route=\/wp\/v2\/product"}],"about":[{"href":"https:\/\/shop.photoretroviseur.com\/index.php?rest_route=\/wp\/v2\/types\/product"}],"replies":[{"embeddable":true,"href":"https:\/\/shop.photoretroviseur.com\/index.php?rest_route=%2Fwp%2Fv2%2Fcomments&post=84"}],"wp:featuredmedia":[{"embeddable":true,"href":"https:\/\/shop.photoretroviseur.com\/index.php?rest_route=\/wp\/v2\/media\/89"}],"wp:attachment":[{"href":"https:\/\/shop.photoretroviseur.com\/index.php?rest_route=%2Fwp%2Fv2%2Fmedia&parent=84"}],"wp:term":[{"taxonomy":"product_cat","embeddable":true,"href":"https:\/\/shop.photoretroviseur.com\/index.php?rest_route=%2Fwp%2Fv2%2Fproduct_cat&post=84"},{"taxonomy":"product_tag","embeddable":true,"href":"https:\/\/shop.photoretroviseur.com\/index.php?rest_route=%2Fwp%2Fv2%2Fproduct_tag&post=84"}],"curies":[{"name":"wp","href":"https:\/\/api.w.org\/{rel}","templated":true}]}}