{"id":73,"date":"2021-04-28T17:25:14","date_gmt":"2021-04-28T17:25:14","guid":{"rendered":"https:\/\/shop.photoretroviseur.com\/?post_type=product&#038;p=73"},"modified":"2021-12-02T14:44:33","modified_gmt":"2021-12-02T14:44:33","slug":"statue-de-la-liberte","status":"publish","type":"product","link":"https:\/\/shop.photoretroviseur.com\/?product=statue-de-la-liberte","title":{"rendered":"Liberty Statue"},"content":{"rendered":"<p>Cette photo a \u00e9t\u00e9 prise en fin de journ\u00e9e sur l&rsquo;\u00eele aux cygnes dans le 15\u00e8me arrondissement de Paris. Le r\u00e9troviseur permet d&rsquo;immortaliser la Statue de la libert\u00e9 de face au milieu de la Seine, ce qui rend ce clich\u00e9 unique et original.<\/p>\n","protected":false},"excerpt":{"rendered":"<p>Edition limit\u00e9e \u00e0 30 exemplaires, num\u00e9rot\u00e9e, dat\u00e9e et sign\u00e9e par mes soins<\/p>\n","protected":false},"featured_media":78,"comment_status":"open","ping_status":"closed","template":"","meta":{"spay_email":""},"product_cat":[25],"product_tag":[],"_links":{"self":[{"href":"https:\/\/shop.photoretroviseur.com\/index.php?rest_route=\/wp\/v2\/product\/73"}],"collection":[{"href":"https:\/\/shop.photoretroviseur.com\/index.php?rest_route=\/wp\/v2\/product"}],"about":[{"href":"https:\/\/shop.photoretroviseur.com\/index.php?rest_route=\/wp\/v2\/types\/product"}],"replies":[{"embeddable":true,"href":"https:\/\/shop.photoretroviseur.com\/index.php?rest_route=%2Fwp%2Fv2%2Fcomments&post=73"}],"wp:featuredmedia":[{"embeddable":true,"href":"https:\/\/shop.photoretroviseur.com\/index.php?rest_route=\/wp\/v2\/media\/78"}],"wp:attachment":[{"href":"https:\/\/shop.photoretroviseur.com\/index.php?rest_route=%2Fwp%2Fv2%2Fmedia&parent=73"}],"wp:term":[{"taxonomy":"product_cat","embeddable":true,"href":"https:\/\/shop.photoretroviseur.com\/index.php?rest_route=%2Fwp%2Fv2%2Fproduct_cat&post=73"},{"taxonomy":"product_tag","embeddable":true,"href":"https:\/\/shop.photoretroviseur.com\/index.php?rest_route=%2Fwp%2Fv2%2Fproduct_tag&post=73"}],"curies":[{"name":"wp","href":"https:\/\/api.w.org\/{rel}","templated":true}]}}