{"id":67,"date":"2021-04-28T17:15:25","date_gmt":"2021-04-28T17:15:25","guid":{"rendered":"https:\/\/shop.photoretroviseur.com\/?post_type=product&#038;p=67"},"modified":"2021-12-02T14:44:38","modified_gmt":"2021-12-02T14:44:38","slug":"oies","status":"publish","type":"product","link":"https:\/\/shop.photoretroviseur.com\/?product=oies","title":{"rendered":"Oies"},"content":{"rendered":"<p><span style=\"color: #000000;\">Cette photo a \u00e9t\u00e9 prise au lac inf\u00e9rieur du bois de Boulogne en cette belle journ\u00e9e automnale. On aper\u00e7oit dans le r\u00e9troviseur deux oies bernaches qui fl\u00e2nent. En regardant la photo, on est comme projet\u00e9 \u00e0 l&rsquo;int\u00e9rieur du r\u00e9tro au milieu du lac. C&rsquo;est ce qui rend ce clich\u00e9 unique et original.<\/span><\/p>\n","protected":false},"excerpt":{"rendered":"<p>Edition limit\u00e9e \u00e0 30 exemplaires, num\u00e9rot\u00e9e, dat\u00e9e et sign\u00e9e par mes soins<\/p>\n","protected":false},"featured_media":71,"comment_status":"open","ping_status":"closed","template":"","meta":{"spay_email":""},"product_cat":[25],"product_tag":[],"_links":{"self":[{"href":"https:\/\/shop.photoretroviseur.com\/index.php?rest_route=\/wp\/v2\/product\/67"}],"collection":[{"href":"https:\/\/shop.photoretroviseur.com\/index.php?rest_route=\/wp\/v2\/product"}],"about":[{"href":"https:\/\/shop.photoretroviseur.com\/index.php?rest_route=\/wp\/v2\/types\/product"}],"replies":[{"embeddable":true,"href":"https:\/\/shop.photoretroviseur.com\/index.php?rest_route=%2Fwp%2Fv2%2Fcomments&post=67"}],"wp:featuredmedia":[{"embeddable":true,"href":"https:\/\/shop.photoretroviseur.com\/index.php?rest_route=\/wp\/v2\/media\/71"}],"wp:attachment":[{"href":"https:\/\/shop.photoretroviseur.com\/index.php?rest_route=%2Fwp%2Fv2%2Fmedia&parent=67"}],"wp:term":[{"taxonomy":"product_cat","embeddable":true,"href":"https:\/\/shop.photoretroviseur.com\/index.php?rest_route=%2Fwp%2Fv2%2Fproduct_cat&post=67"},{"taxonomy":"product_tag","embeddable":true,"href":"https:\/\/shop.photoretroviseur.com\/index.php?rest_route=%2Fwp%2Fv2%2Fproduct_tag&post=67"}],"curies":[{"name":"wp","href":"https:\/\/api.w.org\/{rel}","templated":true}]}}