{"id":61,"date":"2021-04-28T16:47:26","date_gmt":"2021-04-28T16:47:26","guid":{"rendered":"https:\/\/shop.photoretroviseur.com\/?post_type=product&#038;p=61"},"modified":"2022-08-17T14:40:30","modified_gmt":"2022-08-17T14:40:30","slug":"arbre","status":"publish","type":"product","link":"https:\/\/shop.photoretroviseur.com\/?product=arbre","title":{"rendered":"Pin color\u00e9"},"content":{"rendered":"<p><span style=\"color: #000000;\">Cette photo a \u00e9t\u00e9 prise au Colorado proven\u00e7al, au c\u0153ur de ma r\u00e9gion d&rsquo;origine : le Luberon. Les couleurs \u00e9clatantes de l&rsquo;ocre, la lumi\u00e8re matinale hivernale et le magnifique ciel bleu rendent ce clich\u00e9 unique et original.<\/span><\/p>\n","protected":false},"excerpt":{"rendered":"<p>Edition limit\u00e9e \u00e0 30 exemplaires, num\u00e9rot\u00e9e, dat\u00e9e et sign\u00e9e par mes soins<\/p>\n","protected":false},"featured_media":65,"comment_status":"open","ping_status":"closed","template":"","meta":{"spay_email":""},"product_cat":[25],"product_tag":[],"_links":{"self":[{"href":"https:\/\/shop.photoretroviseur.com\/index.php?rest_route=\/wp\/v2\/product\/61"}],"collection":[{"href":"https:\/\/shop.photoretroviseur.com\/index.php?rest_route=\/wp\/v2\/product"}],"about":[{"href":"https:\/\/shop.photoretroviseur.com\/index.php?rest_route=\/wp\/v2\/types\/product"}],"replies":[{"embeddable":true,"href":"https:\/\/shop.photoretroviseur.com\/index.php?rest_route=%2Fwp%2Fv2%2Fcomments&post=61"}],"wp:featuredmedia":[{"embeddable":true,"href":"https:\/\/shop.photoretroviseur.com\/index.php?rest_route=\/wp\/v2\/media\/65"}],"wp:attachment":[{"href":"https:\/\/shop.photoretroviseur.com\/index.php?rest_route=%2Fwp%2Fv2%2Fmedia&parent=61"}],"wp:term":[{"taxonomy":"product_cat","embeddable":true,"href":"https:\/\/shop.photoretroviseur.com\/index.php?rest_route=%2Fwp%2Fv2%2Fproduct_cat&post=61"},{"taxonomy":"product_tag","embeddable":true,"href":"https:\/\/shop.photoretroviseur.com\/index.php?rest_route=%2Fwp%2Fv2%2Fproduct_tag&post=61"}],"curies":[{"name":"wp","href":"https:\/\/api.w.org\/{rel}","templated":true}]}}