{"id":530,"date":"2022-08-18T14:08:12","date_gmt":"2022-08-18T14:08:12","guid":{"rendered":"https:\/\/shop.photoretroviseur.com\/?post_type=product&#038;p=530"},"modified":"2022-08-18T14:13:12","modified_gmt":"2022-08-18T14:13:12","slug":"lavande","status":"publish","type":"product","link":"https:\/\/shop.photoretroviseur.com\/?product=lavande","title":{"rendered":"Lavande"},"content":{"rendered":"<p>Cette photo a \u00e9t\u00e9 prise en Provence au c\u0153ur du Luberon dans le d\u00e9partement du Vaucluse. On y voit un magnifique champs de lavande aux superbes couleurs. En regardant bien on peut m\u00eame y apercevoir une abeille en plein vol. En regardant dans le r\u00e9troviseur, on a l&rsquo;impression de se plonger dedans et de sentir son parfum envo\u00fbtant, ce qui rend ce clich\u00e9 unique et original.<\/p>\n","protected":false},"excerpt":{"rendered":"<p>Open Edition<\/p>\n","protected":false},"featured_media":534,"comment_status":"open","ping_status":"closed","template":"","meta":{"spay_email":""},"product_cat":[26],"product_tag":[],"_links":{"self":[{"href":"https:\/\/shop.photoretroviseur.com\/index.php?rest_route=\/wp\/v2\/product\/530"}],"collection":[{"href":"https:\/\/shop.photoretroviseur.com\/index.php?rest_route=\/wp\/v2\/product"}],"about":[{"href":"https:\/\/shop.photoretroviseur.com\/index.php?rest_route=\/wp\/v2\/types\/product"}],"replies":[{"embeddable":true,"href":"https:\/\/shop.photoretroviseur.com\/index.php?rest_route=%2Fwp%2Fv2%2Fcomments&post=530"}],"wp:featuredmedia":[{"embeddable":true,"href":"https:\/\/shop.photoretroviseur.com\/index.php?rest_route=\/wp\/v2\/media\/534"}],"wp:attachment":[{"href":"https:\/\/shop.photoretroviseur.com\/index.php?rest_route=%2Fwp%2Fv2%2Fmedia&parent=530"}],"wp:term":[{"taxonomy":"product_cat","embeddable":true,"href":"https:\/\/shop.photoretroviseur.com\/index.php?rest_route=%2Fwp%2Fv2%2Fproduct_cat&post=530"},{"taxonomy":"product_tag","embeddable":true,"href":"https:\/\/shop.photoretroviseur.com\/index.php?rest_route=%2Fwp%2Fv2%2Fproduct_tag&post=530"}],"curies":[{"name":"wp","href":"https:\/\/api.w.org\/{rel}","templated":true}]}}