{"id":523,"date":"2022-04-06T19:39:25","date_gmt":"2022-04-06T19:39:25","guid":{"rendered":"https:\/\/shop.photoretroviseur.com\/?post_type=product&#038;p=523"},"modified":"2022-04-06T19:47:11","modified_gmt":"2022-04-06T19:47:11","slug":"gordes","status":"publish","type":"product","link":"https:\/\/shop.photoretroviseur.com\/?product=gordes","title":{"rendered":"Gordes"},"content":{"rendered":"<p>Cette photo a \u00e9t\u00e9 prise en Provence au c\u0153ur du Luberon dans le d\u00e9partement du Vaucluse. On y voit un des plus beaux villages de France : Gordes. Il est connu pour ses maisons en pierre s\u00e8ches perch\u00e9es sur une colline. Le r\u00e9troviseur permet de l&rsquo;immortaliser, ce qui rend ce clich\u00e9 unique et original.<\/p>\n","protected":false},"excerpt":{"rendered":"<p>Open Edition<\/p>\n","protected":false},"featured_media":527,"comment_status":"open","ping_status":"closed","template":"","meta":{"spay_email":""},"product_cat":[26],"product_tag":[],"_links":{"self":[{"href":"https:\/\/shop.photoretroviseur.com\/index.php?rest_route=\/wp\/v2\/product\/523"}],"collection":[{"href":"https:\/\/shop.photoretroviseur.com\/index.php?rest_route=\/wp\/v2\/product"}],"about":[{"href":"https:\/\/shop.photoretroviseur.com\/index.php?rest_route=\/wp\/v2\/types\/product"}],"replies":[{"embeddable":true,"href":"https:\/\/shop.photoretroviseur.com\/index.php?rest_route=%2Fwp%2Fv2%2Fcomments&post=523"}],"wp:featuredmedia":[{"embeddable":true,"href":"https:\/\/shop.photoretroviseur.com\/index.php?rest_route=\/wp\/v2\/media\/527"}],"wp:attachment":[{"href":"https:\/\/shop.photoretroviseur.com\/index.php?rest_route=%2Fwp%2Fv2%2Fmedia&parent=523"}],"wp:term":[{"taxonomy":"product_cat","embeddable":true,"href":"https:\/\/shop.photoretroviseur.com\/index.php?rest_route=%2Fwp%2Fv2%2Fproduct_cat&post=523"},{"taxonomy":"product_tag","embeddable":true,"href":"https:\/\/shop.photoretroviseur.com\/index.php?rest_route=%2Fwp%2Fv2%2Fproduct_tag&post=523"}],"curies":[{"name":"wp","href":"https:\/\/api.w.org\/{rel}","templated":true}]}}