{"id":514,"date":"2022-02-19T18:28:03","date_gmt":"2022-02-19T18:28:03","guid":{"rendered":"https:\/\/shop.photoretroviseur.com\/?post_type=product&#038;p=514"},"modified":"2022-02-19T18:31:04","modified_gmt":"2022-02-19T18:31:04","slug":"arc-de-triomphe","status":"publish","type":"product","link":"https:\/\/shop.photoretroviseur.com\/?product=arc-de-triomphe","title":{"rendered":"Arc de Triomphe"},"content":{"rendered":"<p>Cette photo a \u00e9t\u00e9 prise \u00e0 Paris en fin de journ\u00e9e sur les Champs-Elys\u00e9es. Le r\u00e9troviseur permet une mise en avant magnifique de l&rsquo;Arc de Triomphe lors d&rsquo;un coucher de soleil hivernal, ce qui rend ce clich\u00e9 unique et original.<\/p>\n","protected":false},"excerpt":{"rendered":"<p>Vintage Edition<\/p>\n","protected":false},"featured_media":518,"comment_status":"open","ping_status":"closed","template":"","meta":{"spay_email":""},"product_cat":[37],"product_tag":[],"_links":{"self":[{"href":"https:\/\/shop.photoretroviseur.com\/index.php?rest_route=\/wp\/v2\/product\/514"}],"collection":[{"href":"https:\/\/shop.photoretroviseur.com\/index.php?rest_route=\/wp\/v2\/product"}],"about":[{"href":"https:\/\/shop.photoretroviseur.com\/index.php?rest_route=\/wp\/v2\/types\/product"}],"replies":[{"embeddable":true,"href":"https:\/\/shop.photoretroviseur.com\/index.php?rest_route=%2Fwp%2Fv2%2Fcomments&post=514"}],"wp:featuredmedia":[{"embeddable":true,"href":"https:\/\/shop.photoretroviseur.com\/index.php?rest_route=\/wp\/v2\/media\/518"}],"wp:attachment":[{"href":"https:\/\/shop.photoretroviseur.com\/index.php?rest_route=%2Fwp%2Fv2%2Fmedia&parent=514"}],"wp:term":[{"taxonomy":"product_cat","embeddable":true,"href":"https:\/\/shop.photoretroviseur.com\/index.php?rest_route=%2Fwp%2Fv2%2Fproduct_cat&post=514"},{"taxonomy":"product_tag","embeddable":true,"href":"https:\/\/shop.photoretroviseur.com\/index.php?rest_route=%2Fwp%2Fv2%2Fproduct_tag&post=514"}],"curies":[{"name":"wp","href":"https:\/\/api.w.org\/{rel}","templated":true}]}}