{"id":495,"date":"2022-02-06T15:43:46","date_gmt":"2022-02-06T15:43:46","guid":{"rendered":"https:\/\/shop.photoretroviseur.com\/?post_type=product&#038;p=495"},"modified":"2022-02-06T16:40:04","modified_gmt":"2022-02-06T16:40:04","slug":"tourne-disque","status":"publish","type":"product","link":"https:\/\/shop.photoretroviseur.com\/?product=tourne-disque","title":{"rendered":"Tourne disque"},"content":{"rendered":"<p>Cette photo a \u00e9t\u00e9 prise dans mon appartement dans le 18\u00e8me arrondissement de Paris. On peut y voir un coussin, une fausse peau de b\u00eate et un miroir pos\u00e9 sur une chaise \u00e0 bascule. Dans ce miroir on y voit un tourne disque vertical avec un vinyle. Cette composition permet de r\u00e9unir tous ces \u00e9l\u00e9ments sur la m\u00eame photo, ce qui rend ce clich\u00e9 unique et original.<\/p>\n","protected":false},"excerpt":{"rendered":"<p>Special Edition<\/p>\n","protected":false},"featured_media":500,"comment_status":"open","ping_status":"closed","template":"","meta":{"spay_email":""},"product_cat":[36],"product_tag":[],"_links":{"self":[{"href":"https:\/\/shop.photoretroviseur.com\/index.php?rest_route=\/wp\/v2\/product\/495"}],"collection":[{"href":"https:\/\/shop.photoretroviseur.com\/index.php?rest_route=\/wp\/v2\/product"}],"about":[{"href":"https:\/\/shop.photoretroviseur.com\/index.php?rest_route=\/wp\/v2\/types\/product"}],"replies":[{"embeddable":true,"href":"https:\/\/shop.photoretroviseur.com\/index.php?rest_route=%2Fwp%2Fv2%2Fcomments&post=495"}],"wp:featuredmedia":[{"embeddable":true,"href":"https:\/\/shop.photoretroviseur.com\/index.php?rest_route=\/wp\/v2\/media\/500"}],"wp:attachment":[{"href":"https:\/\/shop.photoretroviseur.com\/index.php?rest_route=%2Fwp%2Fv2%2Fmedia&parent=495"}],"wp:term":[{"taxonomy":"product_cat","embeddable":true,"href":"https:\/\/shop.photoretroviseur.com\/index.php?rest_route=%2Fwp%2Fv2%2Fproduct_cat&post=495"},{"taxonomy":"product_tag","embeddable":true,"href":"https:\/\/shop.photoretroviseur.com\/index.php?rest_route=%2Fwp%2Fv2%2Fproduct_tag&post=495"}],"curies":[{"name":"wp","href":"https:\/\/api.w.org\/{rel}","templated":true}]}}