{"id":49,"date":"2021-04-27T18:59:24","date_gmt":"2021-04-27T18:59:24","guid":{"rendered":"https:\/\/shop.photoretroviseur.com\/?post_type=product&#038;p=49"},"modified":"2021-12-02T14:44:56","modified_gmt":"2021-12-02T14:44:56","slug":"double-basilique","status":"publish","type":"product","link":"https:\/\/shop.photoretroviseur.com\/?product=double-basilique","title":{"rendered":"Sacr\u00e9-C\u0153ur\u00b2"},"content":{"rendered":"<p><span style=\"color: #000000;\">Cette photo comporte la particularit\u00e9 de repr\u00e9senter deux fois la basilique du Sacr\u00e9 C\u0153ur. Pour ce faire, la photo est prise \u00e0 travers le r\u00e9troviseur qui refl\u00e8te un miroir positionn\u00e9 sur un mur qui lui m\u00eame refl\u00e8te la basilique. Ceci rend le clich\u00e9 unique et original<\/span><\/p>\n","protected":false},"excerpt":{"rendered":"<p>Edition limit\u00e9e \u00e0 30 exemplaires, num\u00e9rot\u00e9e, dat\u00e9e et sign\u00e9e par mes soins<\/p>\n","protected":false},"featured_media":53,"comment_status":"open","ping_status":"closed","template":"","meta":{"spay_email":""},"product_cat":[25],"product_tag":[],"_links":{"self":[{"href":"https:\/\/shop.photoretroviseur.com\/index.php?rest_route=\/wp\/v2\/product\/49"}],"collection":[{"href":"https:\/\/shop.photoretroviseur.com\/index.php?rest_route=\/wp\/v2\/product"}],"about":[{"href":"https:\/\/shop.photoretroviseur.com\/index.php?rest_route=\/wp\/v2\/types\/product"}],"replies":[{"embeddable":true,"href":"https:\/\/shop.photoretroviseur.com\/index.php?rest_route=%2Fwp%2Fv2%2Fcomments&post=49"}],"wp:featuredmedia":[{"embeddable":true,"href":"https:\/\/shop.photoretroviseur.com\/index.php?rest_route=\/wp\/v2\/media\/53"}],"wp:attachment":[{"href":"https:\/\/shop.photoretroviseur.com\/index.php?rest_route=%2Fwp%2Fv2%2Fmedia&parent=49"}],"wp:term":[{"taxonomy":"product_cat","embeddable":true,"href":"https:\/\/shop.photoretroviseur.com\/index.php?rest_route=%2Fwp%2Fv2%2Fproduct_cat&post=49"},{"taxonomy":"product_tag","embeddable":true,"href":"https:\/\/shop.photoretroviseur.com\/index.php?rest_route=%2Fwp%2Fv2%2Fproduct_tag&post=49"}],"curies":[{"name":"wp","href":"https:\/\/api.w.org\/{rel}","templated":true}]}}