{"id":489,"date":"2022-02-06T14:23:59","date_gmt":"2022-02-06T14:23:59","guid":{"rendered":"https:\/\/shop.photoretroviseur.com\/?post_type=product&#038;p=489"},"modified":"2022-02-06T15:16:48","modified_gmt":"2022-02-06T15:16:48","slug":"petite-fille","status":"publish","type":"product","link":"https:\/\/shop.photoretroviseur.com\/?product=petite-fille","title":{"rendered":"Petite fille"},"content":{"rendered":"<p>Cette photo a \u00e9t\u00e9 prise dans le 10\u00e8me arrondissement \u00e0 l&rsquo;angle de la rue des vinaigriers et non loin du Canal Saint-Martin. Le r\u00e9troviseur met en avant un graffiti de l&rsquo;artiste Vinie qui repr\u00e9sente son ic\u00f4ne, une petite fille aux couleurs pop, ce qui rend ce clich\u00e9 unique et original.<\/p>\n","protected":false},"excerpt":{"rendered":"<p>Open Edition<\/p>\n","protected":false},"featured_media":494,"comment_status":"open","ping_status":"closed","template":"","meta":{"spay_email":""},"product_cat":[26],"product_tag":[],"_links":{"self":[{"href":"https:\/\/shop.photoretroviseur.com\/index.php?rest_route=\/wp\/v2\/product\/489"}],"collection":[{"href":"https:\/\/shop.photoretroviseur.com\/index.php?rest_route=\/wp\/v2\/product"}],"about":[{"href":"https:\/\/shop.photoretroviseur.com\/index.php?rest_route=\/wp\/v2\/types\/product"}],"replies":[{"embeddable":true,"href":"https:\/\/shop.photoretroviseur.com\/index.php?rest_route=%2Fwp%2Fv2%2Fcomments&post=489"}],"wp:featuredmedia":[{"embeddable":true,"href":"https:\/\/shop.photoretroviseur.com\/index.php?rest_route=\/wp\/v2\/media\/494"}],"wp:attachment":[{"href":"https:\/\/shop.photoretroviseur.com\/index.php?rest_route=%2Fwp%2Fv2%2Fmedia&parent=489"}],"wp:term":[{"taxonomy":"product_cat","embeddable":true,"href":"https:\/\/shop.photoretroviseur.com\/index.php?rest_route=%2Fwp%2Fv2%2Fproduct_cat&post=489"},{"taxonomy":"product_tag","embeddable":true,"href":"https:\/\/shop.photoretroviseur.com\/index.php?rest_route=%2Fwp%2Fv2%2Fproduct_tag&post=489"}],"curies":[{"name":"wp","href":"https:\/\/api.w.org\/{rel}","templated":true}]}}