{"id":482,"date":"2022-02-01T22:16:14","date_gmt":"2022-02-01T22:16:14","guid":{"rendered":"https:\/\/shop.photoretroviseur.com\/?post_type=product&#038;p=482"},"modified":"2022-02-01T22:53:51","modified_gmt":"2022-02-01T22:53:51","slug":"fontainebleau","status":"publish","type":"product","link":"https:\/\/shop.photoretroviseur.com\/?product=fontainebleau","title":{"rendered":"Fontainebleau"},"content":{"rendered":"<p>Cette photo a \u00e9t\u00e9 prise dans les jardins du ch\u00e2teau de Fontainebleau en une fin de journ\u00e9e hivernale.\u00a0 La lumi\u00e8re du soleil \u00e9claire le ch\u00e2teau. Le r\u00e9troviseur permet de r\u00e9unir la fontaine et le ch\u00e2teau sur la m\u00eame photo. On a l&rsquo;impression de passer \u00e0 travers le r\u00e9tro et de se retrouver devant le ch\u00e2teau alors qu&rsquo;il se en r\u00e9alit\u00e9 trouve derri\u00e8re, ce qui rend ce clich\u00e9 unique et original.<\/p>\n","protected":false},"excerpt":{"rendered":"<p>Open Edition<\/p>\n","protected":false},"featured_media":486,"comment_status":"open","ping_status":"closed","template":"","meta":{"spay_email":""},"product_cat":[26],"product_tag":[],"_links":{"self":[{"href":"https:\/\/shop.photoretroviseur.com\/index.php?rest_route=\/wp\/v2\/product\/482"}],"collection":[{"href":"https:\/\/shop.photoretroviseur.com\/index.php?rest_route=\/wp\/v2\/product"}],"about":[{"href":"https:\/\/shop.photoretroviseur.com\/index.php?rest_route=\/wp\/v2\/types\/product"}],"replies":[{"embeddable":true,"href":"https:\/\/shop.photoretroviseur.com\/index.php?rest_route=%2Fwp%2Fv2%2Fcomments&post=482"}],"wp:featuredmedia":[{"embeddable":true,"href":"https:\/\/shop.photoretroviseur.com\/index.php?rest_route=\/wp\/v2\/media\/486"}],"wp:attachment":[{"href":"https:\/\/shop.photoretroviseur.com\/index.php?rest_route=%2Fwp%2Fv2%2Fmedia&parent=482"}],"wp:term":[{"taxonomy":"product_cat","embeddable":true,"href":"https:\/\/shop.photoretroviseur.com\/index.php?rest_route=%2Fwp%2Fv2%2Fproduct_cat&post=482"},{"taxonomy":"product_tag","embeddable":true,"href":"https:\/\/shop.photoretroviseur.com\/index.php?rest_route=%2Fwp%2Fv2%2Fproduct_tag&post=482"}],"curies":[{"name":"wp","href":"https:\/\/api.w.org\/{rel}","templated":true}]}}