{"id":476,"date":"2021-12-12T11:31:56","date_gmt":"2021-12-12T11:31:56","guid":{"rendered":"https:\/\/shop.photoretroviseur.com\/?post_type=product&#038;p=476"},"modified":"2021-12-12T11:37:23","modified_gmt":"2021-12-12T11:37:23","slug":"volcan","status":"publish","type":"product","link":"https:\/\/shop.photoretroviseur.com\/?product=volcan","title":{"rendered":"Volcan"},"content":{"rendered":"<p>Cette photo a \u00e9t\u00e9 prise dans l&rsquo;archipel des Canaries au sud de l&rsquo;\u00eele de Lanzarote pas loin du Parc National de Timanfaya. Le r\u00e9troviseur permet de r\u00e9unir un des volcans du parc et l&rsquo;oc\u00e9an sur la m\u00eame photo, ce qui rend ce clich\u00e9 unique et original.<\/p>\n","protected":false},"excerpt":{"rendered":"<p>Open Edition<\/p>\n","protected":false},"featured_media":481,"comment_status":"open","ping_status":"closed","template":"","meta":{"spay_email":""},"product_cat":[26],"product_tag":[],"_links":{"self":[{"href":"https:\/\/shop.photoretroviseur.com\/index.php?rest_route=\/wp\/v2\/product\/476"}],"collection":[{"href":"https:\/\/shop.photoretroviseur.com\/index.php?rest_route=\/wp\/v2\/product"}],"about":[{"href":"https:\/\/shop.photoretroviseur.com\/index.php?rest_route=\/wp\/v2\/types\/product"}],"replies":[{"embeddable":true,"href":"https:\/\/shop.photoretroviseur.com\/index.php?rest_route=%2Fwp%2Fv2%2Fcomments&post=476"}],"wp:featuredmedia":[{"embeddable":true,"href":"https:\/\/shop.photoretroviseur.com\/index.php?rest_route=\/wp\/v2\/media\/481"}],"wp:attachment":[{"href":"https:\/\/shop.photoretroviseur.com\/index.php?rest_route=%2Fwp%2Fv2%2Fmedia&parent=476"}],"wp:term":[{"taxonomy":"product_cat","embeddable":true,"href":"https:\/\/shop.photoretroviseur.com\/index.php?rest_route=%2Fwp%2Fv2%2Fproduct_cat&post=476"},{"taxonomy":"product_tag","embeddable":true,"href":"https:\/\/shop.photoretroviseur.com\/index.php?rest_route=%2Fwp%2Fv2%2Fproduct_tag&post=476"}],"curies":[{"name":"wp","href":"https:\/\/api.w.org\/{rel}","templated":true}]}}