{"id":470,"date":"2021-12-12T11:24:46","date_gmt":"2021-12-12T11:24:46","guid":{"rendered":"https:\/\/shop.photoretroviseur.com\/?post_type=product&#038;p=470"},"modified":"2021-12-12T11:30:53","modified_gmt":"2021-12-12T11:30:53","slug":"pommier","status":"publish","type":"product","link":"https:\/\/shop.photoretroviseur.com\/?product=pommier","title":{"rendered":"Pommier"},"content":{"rendered":"<p>Cette photo a \u00e9t\u00e9 prise sur les hauteurs de Barcelonnette dans le d\u00e9partement des Alpes de Haute Provence. Le r\u00e9troviseur permet d&rsquo;isoler et de mettre en avant un pommier tout en cr\u00e9ant une continuit\u00e9 comme si on y voyait \u00e0 travers, ce qui rend ce clich\u00e9 unique et original.<\/p>\n","protected":false},"excerpt":{"rendered":"<p>Open Edition<\/p>\n","protected":false},"featured_media":475,"comment_status":"open","ping_status":"closed","template":"","meta":{"spay_email":""},"product_cat":[26],"product_tag":[],"_links":{"self":[{"href":"https:\/\/shop.photoretroviseur.com\/index.php?rest_route=\/wp\/v2\/product\/470"}],"collection":[{"href":"https:\/\/shop.photoretroviseur.com\/index.php?rest_route=\/wp\/v2\/product"}],"about":[{"href":"https:\/\/shop.photoretroviseur.com\/index.php?rest_route=\/wp\/v2\/types\/product"}],"replies":[{"embeddable":true,"href":"https:\/\/shop.photoretroviseur.com\/index.php?rest_route=%2Fwp%2Fv2%2Fcomments&post=470"}],"wp:featuredmedia":[{"embeddable":true,"href":"https:\/\/shop.photoretroviseur.com\/index.php?rest_route=\/wp\/v2\/media\/475"}],"wp:attachment":[{"href":"https:\/\/shop.photoretroviseur.com\/index.php?rest_route=%2Fwp%2Fv2%2Fmedia&parent=470"}],"wp:term":[{"taxonomy":"product_cat","embeddable":true,"href":"https:\/\/shop.photoretroviseur.com\/index.php?rest_route=%2Fwp%2Fv2%2Fproduct_cat&post=470"},{"taxonomy":"product_tag","embeddable":true,"href":"https:\/\/shop.photoretroviseur.com\/index.php?rest_route=%2Fwp%2Fv2%2Fproduct_tag&post=470"}],"curies":[{"name":"wp","href":"https:\/\/api.w.org\/{rel}","templated":true}]}}