{"id":464,"date":"2021-12-12T11:15:28","date_gmt":"2021-12-12T11:15:28","guid":{"rendered":"https:\/\/shop.photoretroviseur.com\/?post_type=product&#038;p=464"},"modified":"2021-12-12T11:21:32","modified_gmt":"2021-12-12T11:21:32","slug":"marecage","status":"publish","type":"product","link":"https:\/\/shop.photoretroviseur.com\/?product=marecage","title":{"rendered":"Mar\u00e9cage"},"content":{"rendered":"<p>Cette photo a \u00e9t\u00e9 prise dans la vall\u00e9e de Maurin dans le d\u00e9partement des Alpes de Haute Provence. On peut apercevoir un mar\u00e9cage au premier plan et une montagne en arri\u00e8re plan. On a l&rsquo;impression de voir \u00e0 travers le r\u00e9troviseur et d&rsquo;\u00eatre projet\u00e9 au milieu du mar\u00e9cage, ce qui rend ce clich\u00e9 unique et original.<\/p>\n","protected":false},"excerpt":{"rendered":"<p>Open Edition<\/p>\n","protected":false},"featured_media":468,"comment_status":"open","ping_status":"closed","template":"","meta":{"spay_email":""},"product_cat":[26],"product_tag":[],"_links":{"self":[{"href":"https:\/\/shop.photoretroviseur.com\/index.php?rest_route=\/wp\/v2\/product\/464"}],"collection":[{"href":"https:\/\/shop.photoretroviseur.com\/index.php?rest_route=\/wp\/v2\/product"}],"about":[{"href":"https:\/\/shop.photoretroviseur.com\/index.php?rest_route=\/wp\/v2\/types\/product"}],"replies":[{"embeddable":true,"href":"https:\/\/shop.photoretroviseur.com\/index.php?rest_route=%2Fwp%2Fv2%2Fcomments&post=464"}],"wp:featuredmedia":[{"embeddable":true,"href":"https:\/\/shop.photoretroviseur.com\/index.php?rest_route=\/wp\/v2\/media\/468"}],"wp:attachment":[{"href":"https:\/\/shop.photoretroviseur.com\/index.php?rest_route=%2Fwp%2Fv2%2Fmedia&parent=464"}],"wp:term":[{"taxonomy":"product_cat","embeddable":true,"href":"https:\/\/shop.photoretroviseur.com\/index.php?rest_route=%2Fwp%2Fv2%2Fproduct_cat&post=464"},{"taxonomy":"product_tag","embeddable":true,"href":"https:\/\/shop.photoretroviseur.com\/index.php?rest_route=%2Fwp%2Fv2%2Fproduct_tag&post=464"}],"curies":[{"name":"wp","href":"https:\/\/api.w.org\/{rel}","templated":true}]}}