{"id":458,"date":"2021-12-12T11:06:43","date_gmt":"2021-12-12T11:06:43","guid":{"rendered":"https:\/\/shop.photoretroviseur.com\/?post_type=product&#038;p=458"},"modified":"2021-12-12T11:14:19","modified_gmt":"2021-12-12T11:14:19","slug":"galerie","status":"publish","type":"product","link":"https:\/\/shop.photoretroviseur.com\/?product=galerie","title":{"rendered":"Galerie"},"content":{"rendered":"<p>Cette photo a \u00e9t\u00e9 prise au Ch\u00e2teau de Versailles dans la fameuse Galerie des glaces. On a l&rsquo;impression de voir \u00e0 travers le r\u00e9troviseur et d&rsquo;\u00eatre projet\u00e9 au milieu de la galerie, ce qui rend ce clich\u00e9 unique et original.<\/p>\n","protected":false},"excerpt":{"rendered":"<p>Open Edition<\/p>\n","protected":false},"featured_media":462,"comment_status":"open","ping_status":"closed","template":"","meta":{"spay_email":""},"product_cat":[26],"product_tag":[],"_links":{"self":[{"href":"https:\/\/shop.photoretroviseur.com\/index.php?rest_route=\/wp\/v2\/product\/458"}],"collection":[{"href":"https:\/\/shop.photoretroviseur.com\/index.php?rest_route=\/wp\/v2\/product"}],"about":[{"href":"https:\/\/shop.photoretroviseur.com\/index.php?rest_route=\/wp\/v2\/types\/product"}],"replies":[{"embeddable":true,"href":"https:\/\/shop.photoretroviseur.com\/index.php?rest_route=%2Fwp%2Fv2%2Fcomments&post=458"}],"wp:featuredmedia":[{"embeddable":true,"href":"https:\/\/shop.photoretroviseur.com\/index.php?rest_route=\/wp\/v2\/media\/462"}],"wp:attachment":[{"href":"https:\/\/shop.photoretroviseur.com\/index.php?rest_route=%2Fwp%2Fv2%2Fmedia&parent=458"}],"wp:term":[{"taxonomy":"product_cat","embeddable":true,"href":"https:\/\/shop.photoretroviseur.com\/index.php?rest_route=%2Fwp%2Fv2%2Fproduct_cat&post=458"},{"taxonomy":"product_tag","embeddable":true,"href":"https:\/\/shop.photoretroviseur.com\/index.php?rest_route=%2Fwp%2Fv2%2Fproduct_tag&post=458"}],"curies":[{"name":"wp","href":"https:\/\/api.w.org\/{rel}","templated":true}]}}