{"id":451,"date":"2021-12-12T10:56:59","date_gmt":"2021-12-12T10:56:59","guid":{"rendered":"https:\/\/shop.photoretroviseur.com\/?post_type=product&#038;p=451"},"modified":"2021-12-12T11:04:42","modified_gmt":"2021-12-12T11:04:42","slug":"canard","status":"publish","type":"product","link":"https:\/\/shop.photoretroviseur.com\/?product=canard","title":{"rendered":"Canard"},"content":{"rendered":"<p>Cette photo a \u00e9t\u00e9 prise au Parc Floral dans le bois de Vincennes. Le lac \u00e9tait gel\u00e9 en cette journ\u00e9e hivernale. J&rsquo;en ai profit\u00e9 pour immortaliser un canard qui d\u00e9ambulait sur la glace \u00e0 la recherche de nourriture. On a l&rsquo;impression qu&rsquo;il regarde quelque chose devant lui alors qu&rsquo;il se trouve en r\u00e9alit\u00e9 derri\u00e8re, ce qui rend ce clich\u00e9 unique et original.<\/p>\n","protected":false},"excerpt":{"rendered":"<p>Open Edition<\/p>\n","protected":false},"featured_media":455,"comment_status":"open","ping_status":"closed","template":"","meta":{"spay_email":""},"product_cat":[26],"product_tag":[],"_links":{"self":[{"href":"https:\/\/shop.photoretroviseur.com\/index.php?rest_route=\/wp\/v2\/product\/451"}],"collection":[{"href":"https:\/\/shop.photoretroviseur.com\/index.php?rest_route=\/wp\/v2\/product"}],"about":[{"href":"https:\/\/shop.photoretroviseur.com\/index.php?rest_route=\/wp\/v2\/types\/product"}],"replies":[{"embeddable":true,"href":"https:\/\/shop.photoretroviseur.com\/index.php?rest_route=%2Fwp%2Fv2%2Fcomments&post=451"}],"wp:featuredmedia":[{"embeddable":true,"href":"https:\/\/shop.photoretroviseur.com\/index.php?rest_route=\/wp\/v2\/media\/455"}],"wp:attachment":[{"href":"https:\/\/shop.photoretroviseur.com\/index.php?rest_route=%2Fwp%2Fv2%2Fmedia&parent=451"}],"wp:term":[{"taxonomy":"product_cat","embeddable":true,"href":"https:\/\/shop.photoretroviseur.com\/index.php?rest_route=%2Fwp%2Fv2%2Fproduct_cat&post=451"},{"taxonomy":"product_tag","embeddable":true,"href":"https:\/\/shop.photoretroviseur.com\/index.php?rest_route=%2Fwp%2Fv2%2Fproduct_tag&post=451"}],"curies":[{"name":"wp","href":"https:\/\/api.w.org\/{rel}","templated":true}]}}