{"id":445,"date":"2021-12-12T10:17:04","date_gmt":"2021-12-12T10:17:04","guid":{"rendered":"https:\/\/shop.photoretroviseur.com\/?post_type=product&#038;p=445"},"modified":"2021-12-12T10:51:03","modified_gmt":"2021-12-12T10:51:03","slug":"cactus-2","status":"publish","type":"product","link":"https:\/\/shop.photoretroviseur.com\/?product=cactus-2","title":{"rendered":"Cactus"},"content":{"rendered":"<p>Cette photo a \u00e9t\u00e9 prise au Jardin de Cactus sur l&rsquo;\u00eele de Lanzarote dans l&rsquo;archipel des Canaries. Cr\u00e9e par C\u00e9sar Manrique et inaugur\u00e9 en 1990, il a la particularit\u00e9 d&rsquo;abriter plus de 1400 esp\u00e8ces diff\u00e9rentes. Le r\u00e9troviseur permet de mettre le cactus boule en \u00e9vidence. On a l&rsquo;impression qu&rsquo;il est devant nous alors qu&rsquo;il se situe en r\u00e9alit\u00e9 derri\u00e8re, ce qui rend ce clich\u00e9 unique et original.<\/p>\n","protected":false},"excerpt":{"rendered":"<p>Open Edition<\/p>\n","protected":false},"featured_media":449,"comment_status":"open","ping_status":"closed","template":"","meta":{"spay_email":""},"product_cat":[26],"product_tag":[],"_links":{"self":[{"href":"https:\/\/shop.photoretroviseur.com\/index.php?rest_route=\/wp\/v2\/product\/445"}],"collection":[{"href":"https:\/\/shop.photoretroviseur.com\/index.php?rest_route=\/wp\/v2\/product"}],"about":[{"href":"https:\/\/shop.photoretroviseur.com\/index.php?rest_route=\/wp\/v2\/types\/product"}],"replies":[{"embeddable":true,"href":"https:\/\/shop.photoretroviseur.com\/index.php?rest_route=%2Fwp%2Fv2%2Fcomments&post=445"}],"wp:featuredmedia":[{"embeddable":true,"href":"https:\/\/shop.photoretroviseur.com\/index.php?rest_route=\/wp\/v2\/media\/449"}],"wp:attachment":[{"href":"https:\/\/shop.photoretroviseur.com\/index.php?rest_route=%2Fwp%2Fv2%2Fmedia&parent=445"}],"wp:term":[{"taxonomy":"product_cat","embeddable":true,"href":"https:\/\/shop.photoretroviseur.com\/index.php?rest_route=%2Fwp%2Fv2%2Fproduct_cat&post=445"},{"taxonomy":"product_tag","embeddable":true,"href":"https:\/\/shop.photoretroviseur.com\/index.php?rest_route=%2Fwp%2Fv2%2Fproduct_tag&post=445"}],"curies":[{"name":"wp","href":"https:\/\/api.w.org\/{rel}","templated":true}]}}