{"id":439,"date":"2021-12-12T09:38:54","date_gmt":"2021-12-12T09:38:54","guid":{"rendered":"https:\/\/shop.photoretroviseur.com\/?post_type=product&#038;p=439"},"modified":"2021-12-12T09:45:37","modified_gmt":"2021-12-12T09:45:37","slug":"cabane","status":"publish","type":"product","link":"https:\/\/shop.photoretroviseur.com\/?product=cabane","title":{"rendered":"Cabane"},"content":{"rendered":"<p>Cette photo a \u00e9t\u00e9 prise sur les hauteurs de Barcelonnette dans le d\u00e9partement des Alpes de Haute Provence. On peut apercevoir une cabane typique anciennement utilis\u00e9e par les bergers. On a l&rsquo;impression qu&rsquo;elle se situe juste devant nous alors qu&rsquo;elle est en r\u00e9alit\u00e9 derri\u00e8re, ce qui rend ce clich\u00e9 unique et original.<\/p>\n","protected":false},"excerpt":{"rendered":"<p>Open Edition<\/p>\n","protected":false},"featured_media":443,"comment_status":"open","ping_status":"closed","template":"","meta":{"spay_email":""},"product_cat":[26],"product_tag":[],"_links":{"self":[{"href":"https:\/\/shop.photoretroviseur.com\/index.php?rest_route=\/wp\/v2\/product\/439"}],"collection":[{"href":"https:\/\/shop.photoretroviseur.com\/index.php?rest_route=\/wp\/v2\/product"}],"about":[{"href":"https:\/\/shop.photoretroviseur.com\/index.php?rest_route=\/wp\/v2\/types\/product"}],"replies":[{"embeddable":true,"href":"https:\/\/shop.photoretroviseur.com\/index.php?rest_route=%2Fwp%2Fv2%2Fcomments&post=439"}],"wp:featuredmedia":[{"embeddable":true,"href":"https:\/\/shop.photoretroviseur.com\/index.php?rest_route=\/wp\/v2\/media\/443"}],"wp:attachment":[{"href":"https:\/\/shop.photoretroviseur.com\/index.php?rest_route=%2Fwp%2Fv2%2Fmedia&parent=439"}],"wp:term":[{"taxonomy":"product_cat","embeddable":true,"href":"https:\/\/shop.photoretroviseur.com\/index.php?rest_route=%2Fwp%2Fv2%2Fproduct_cat&post=439"},{"taxonomy":"product_tag","embeddable":true,"href":"https:\/\/shop.photoretroviseur.com\/index.php?rest_route=%2Fwp%2Fv2%2Fproduct_tag&post=439"}],"curies":[{"name":"wp","href":"https:\/\/api.w.org\/{rel}","templated":true}]}}