{"id":432,"date":"2021-12-11T18:09:03","date_gmt":"2021-12-11T18:09:03","guid":{"rendered":"https:\/\/shop.photoretroviseur.com\/?post_type=product&#038;p=432"},"modified":"2021-12-11T18:46:29","modified_gmt":"2021-12-11T18:46:29","slug":"barque","status":"publish","type":"product","link":"https:\/\/shop.photoretroviseur.com\/?product=barque","title":{"rendered":"Barque"},"content":{"rendered":"<p>Cette photo a \u00e9t\u00e9 prise \u00e0 Calamoni Beach sur l&rsquo;ile de Favignana sur l&rsquo;archipel des Iles Egades au large de la Sicile. On peut apercevoir une barque renvers\u00e9e avec la plage priv\u00e9e en arri\u00e8re plan. Le r\u00e9troviseur permet de r\u00e9unir la crique, la barque et la plage sur la m\u00eame photo, ce qui rend ce clich\u00e9 unique et original.<\/p>\n","protected":false},"excerpt":{"rendered":"<p>Open Edition<\/p>\n","protected":false},"featured_media":438,"comment_status":"open","ping_status":"closed","template":"","meta":{"spay_email":""},"product_cat":[26],"product_tag":[],"_links":{"self":[{"href":"https:\/\/shop.photoretroviseur.com\/index.php?rest_route=\/wp\/v2\/product\/432"}],"collection":[{"href":"https:\/\/shop.photoretroviseur.com\/index.php?rest_route=\/wp\/v2\/product"}],"about":[{"href":"https:\/\/shop.photoretroviseur.com\/index.php?rest_route=\/wp\/v2\/types\/product"}],"replies":[{"embeddable":true,"href":"https:\/\/shop.photoretroviseur.com\/index.php?rest_route=%2Fwp%2Fv2%2Fcomments&post=432"}],"wp:featuredmedia":[{"embeddable":true,"href":"https:\/\/shop.photoretroviseur.com\/index.php?rest_route=\/wp\/v2\/media\/438"}],"wp:attachment":[{"href":"https:\/\/shop.photoretroviseur.com\/index.php?rest_route=%2Fwp%2Fv2%2Fmedia&parent=432"}],"wp:term":[{"taxonomy":"product_cat","embeddable":true,"href":"https:\/\/shop.photoretroviseur.com\/index.php?rest_route=%2Fwp%2Fv2%2Fproduct_cat&post=432"},{"taxonomy":"product_tag","embeddable":true,"href":"https:\/\/shop.photoretroviseur.com\/index.php?rest_route=%2Fwp%2Fv2%2Fproduct_tag&post=432"}],"curies":[{"name":"wp","href":"https:\/\/api.w.org\/{rel}","templated":true}]}}