{"id":426,"date":"2021-12-10T22:43:54","date_gmt":"2021-12-10T22:43:54","guid":{"rendered":"https:\/\/shop.photoretroviseur.com\/?post_type=product&#038;p=426"},"modified":"2021-12-10T22:51:50","modified_gmt":"2021-12-10T22:51:50","slug":"grande-roue","status":"publish","type":"product","link":"https:\/\/shop.photoretroviseur.com\/?product=grande-roue","title":{"rendered":"Grande roue"},"content":{"rendered":"<p>Cette photo a \u00e9t\u00e9 prise \u00e0 Bordeaux sur la place des Quinconces. On peut apercevoir la grande roue dans le r\u00e9troviseur, on a l&rsquo;impression de voir \u00e0 travers alors qu&rsquo;elle se trouve derri\u00e8re, ce qui rend ce clich\u00e9 unique et original.<\/p>\n","protected":false},"excerpt":{"rendered":"<p>Open Edition<\/p>\n","protected":false},"featured_media":430,"comment_status":"open","ping_status":"closed","template":"","meta":{"spay_email":""},"product_cat":[26],"product_tag":[],"_links":{"self":[{"href":"https:\/\/shop.photoretroviseur.com\/index.php?rest_route=\/wp\/v2\/product\/426"}],"collection":[{"href":"https:\/\/shop.photoretroviseur.com\/index.php?rest_route=\/wp\/v2\/product"}],"about":[{"href":"https:\/\/shop.photoretroviseur.com\/index.php?rest_route=\/wp\/v2\/types\/product"}],"replies":[{"embeddable":true,"href":"https:\/\/shop.photoretroviseur.com\/index.php?rest_route=%2Fwp%2Fv2%2Fcomments&post=426"}],"wp:featuredmedia":[{"embeddable":true,"href":"https:\/\/shop.photoretroviseur.com\/index.php?rest_route=\/wp\/v2\/media\/430"}],"wp:attachment":[{"href":"https:\/\/shop.photoretroviseur.com\/index.php?rest_route=%2Fwp%2Fv2%2Fmedia&parent=426"}],"wp:term":[{"taxonomy":"product_cat","embeddable":true,"href":"https:\/\/shop.photoretroviseur.com\/index.php?rest_route=%2Fwp%2Fv2%2Fproduct_cat&post=426"},{"taxonomy":"product_tag","embeddable":true,"href":"https:\/\/shop.photoretroviseur.com\/index.php?rest_route=%2Fwp%2Fv2%2Fproduct_tag&post=426"}],"curies":[{"name":"wp","href":"https:\/\/api.w.org\/{rel}","templated":true}]}}