{"id":414,"date":"2021-12-10T22:13:29","date_gmt":"2021-12-10T22:13:29","guid":{"rendered":"https:\/\/shop.photoretroviseur.com\/?post_type=product&#038;p=414"},"modified":"2021-12-10T22:20:54","modified_gmt":"2021-12-10T22:20:54","slug":"tower-snow","status":"publish","type":"product","link":"https:\/\/shop.photoretroviseur.com\/?product=tower-snow","title":{"rendered":"Tower &#038; Snow"},"content":{"rendered":"<p>Cette photo a \u00e9t\u00e9 prise au Champs de Mars \u00e0 Paris lors d&rsquo;une journ\u00e9e hivernale. La neige se fait rare \u00e0 Paris, j&rsquo;en ai donc profiter pour immortaliser la Dame de Fer enneig\u00e9e dans le r\u00e9troviseur, ce qui rend ce clich\u00e9 unique et original.<\/p>\n","protected":false},"excerpt":{"rendered":"<p>Open Edition<\/p>\n","protected":false},"featured_media":419,"comment_status":"open","ping_status":"closed","template":"","meta":{"spay_email":""},"product_cat":[26],"product_tag":[],"_links":{"self":[{"href":"https:\/\/shop.photoretroviseur.com\/index.php?rest_route=\/wp\/v2\/product\/414"}],"collection":[{"href":"https:\/\/shop.photoretroviseur.com\/index.php?rest_route=\/wp\/v2\/product"}],"about":[{"href":"https:\/\/shop.photoretroviseur.com\/index.php?rest_route=\/wp\/v2\/types\/product"}],"replies":[{"embeddable":true,"href":"https:\/\/shop.photoretroviseur.com\/index.php?rest_route=%2Fwp%2Fv2%2Fcomments&post=414"}],"wp:featuredmedia":[{"embeddable":true,"href":"https:\/\/shop.photoretroviseur.com\/index.php?rest_route=\/wp\/v2\/media\/419"}],"wp:attachment":[{"href":"https:\/\/shop.photoretroviseur.com\/index.php?rest_route=%2Fwp%2Fv2%2Fmedia&parent=414"}],"wp:term":[{"taxonomy":"product_cat","embeddable":true,"href":"https:\/\/shop.photoretroviseur.com\/index.php?rest_route=%2Fwp%2Fv2%2Fproduct_cat&post=414"},{"taxonomy":"product_tag","embeddable":true,"href":"https:\/\/shop.photoretroviseur.com\/index.php?rest_route=%2Fwp%2Fv2%2Fproduct_tag&post=414"}],"curies":[{"name":"wp","href":"https:\/\/api.w.org\/{rel}","templated":true}]}}