{"id":396,"date":"2021-12-09T22:23:19","date_gmt":"2021-12-09T22:23:19","guid":{"rendered":"https:\/\/shop.photoretroviseur.com\/?post_type=product&#038;p=396"},"modified":"2021-12-12T10:26:51","modified_gmt":"2021-12-12T10:26:51","slug":"institut-de-france","status":"publish","type":"product","link":"https:\/\/shop.photoretroviseur.com\/?product=institut-de-france","title":{"rendered":"Institut"},"content":{"rendered":"<p>Cette photo a \u00e9t\u00e9 prise au square Gabriel Pern\u00e9 derri\u00e8re l&rsquo;Institut de France dans le 6\u00e8me arrondissement de Paris. On peut y voir des cerisiers en fleurs avec l&rsquo;Institut en arri\u00e8re plan. Le contraste de couleurs entre le r\u00e9troviseur et le reste de la photo rend ce clich\u00e9 unique et original.<\/p>\n","protected":false},"excerpt":{"rendered":"<p>Open Edition<\/p>\n","protected":false},"featured_media":400,"comment_status":"open","ping_status":"closed","template":"","meta":{"spay_email":""},"product_cat":[26],"product_tag":[],"_links":{"self":[{"href":"https:\/\/shop.photoretroviseur.com\/index.php?rest_route=\/wp\/v2\/product\/396"}],"collection":[{"href":"https:\/\/shop.photoretroviseur.com\/index.php?rest_route=\/wp\/v2\/product"}],"about":[{"href":"https:\/\/shop.photoretroviseur.com\/index.php?rest_route=\/wp\/v2\/types\/product"}],"replies":[{"embeddable":true,"href":"https:\/\/shop.photoretroviseur.com\/index.php?rest_route=%2Fwp%2Fv2%2Fcomments&post=396"}],"wp:featuredmedia":[{"embeddable":true,"href":"https:\/\/shop.photoretroviseur.com\/index.php?rest_route=\/wp\/v2\/media\/400"}],"wp:attachment":[{"href":"https:\/\/shop.photoretroviseur.com\/index.php?rest_route=%2Fwp%2Fv2%2Fmedia&parent=396"}],"wp:term":[{"taxonomy":"product_cat","embeddable":true,"href":"https:\/\/shop.photoretroviseur.com\/index.php?rest_route=%2Fwp%2Fv2%2Fproduct_cat&post=396"},{"taxonomy":"product_tag","embeddable":true,"href":"https:\/\/shop.photoretroviseur.com\/index.php?rest_route=%2Fwp%2Fv2%2Fproduct_tag&post=396"}],"curies":[{"name":"wp","href":"https:\/\/api.w.org\/{rel}","templated":true}]}}