{"id":390,"date":"2021-12-06T22:40:03","date_gmt":"2021-12-06T22:40:03","guid":{"rendered":"https:\/\/shop.photoretroviseur.com\/?post_type=product&#038;p=390"},"modified":"2021-12-06T22:45:14","modified_gmt":"2021-12-06T22:45:14","slug":"irish-pub","status":"publish","type":"product","link":"https:\/\/shop.photoretroviseur.com\/?product=irish-pub","title":{"rendered":"Irish Pub"},"content":{"rendered":"<p>Cette photo a \u00e9t\u00e9 prise \u00e0 Montmartre dans le 18\u00e8me arrondissement de Paris. On peut y voir la basilique du Sacr\u00e9-C\u0153ur en arri\u00e8re plan. En premier plan le r\u00e9troviseur met en \u00e9vidence un Irish Pub. Le r\u00e9troviseur permet de positionner ce pub devant le Sacr\u00e9-C\u0153ur alors qu&rsquo;il est en r\u00e9alit\u00e9 derri\u00e8re, c&rsquo;est ce qui rend ce clich\u00e9 unique et original.<\/p>\n","protected":false},"excerpt":{"rendered":"<p>Open Edition<\/p>\n","protected":false},"featured_media":394,"comment_status":"open","ping_status":"closed","template":"","meta":{"spay_email":""},"product_cat":[26],"product_tag":[],"_links":{"self":[{"href":"https:\/\/shop.photoretroviseur.com\/index.php?rest_route=\/wp\/v2\/product\/390"}],"collection":[{"href":"https:\/\/shop.photoretroviseur.com\/index.php?rest_route=\/wp\/v2\/product"}],"about":[{"href":"https:\/\/shop.photoretroviseur.com\/index.php?rest_route=\/wp\/v2\/types\/product"}],"replies":[{"embeddable":true,"href":"https:\/\/shop.photoretroviseur.com\/index.php?rest_route=%2Fwp%2Fv2%2Fcomments&post=390"}],"wp:featuredmedia":[{"embeddable":true,"href":"https:\/\/shop.photoretroviseur.com\/index.php?rest_route=\/wp\/v2\/media\/394"}],"wp:attachment":[{"href":"https:\/\/shop.photoretroviseur.com\/index.php?rest_route=%2Fwp%2Fv2%2Fmedia&parent=390"}],"wp:term":[{"taxonomy":"product_cat","embeddable":true,"href":"https:\/\/shop.photoretroviseur.com\/index.php?rest_route=%2Fwp%2Fv2%2Fproduct_cat&post=390"},{"taxonomy":"product_tag","embeddable":true,"href":"https:\/\/shop.photoretroviseur.com\/index.php?rest_route=%2Fwp%2Fv2%2Fproduct_tag&post=390"}],"curies":[{"name":"wp","href":"https:\/\/api.w.org\/{rel}","templated":true}]}}