{"id":383,"date":"2021-12-06T21:44:04","date_gmt":"2021-12-06T21:44:04","guid":{"rendered":"https:\/\/shop.photoretroviseur.com\/?post_type=product&#038;p=383"},"modified":"2021-12-06T22:36:10","modified_gmt":"2021-12-06T22:36:10","slug":"roue-a-aube","status":"publish","type":"product","link":"https:\/\/shop.photoretroviseur.com\/?product=roue-a-aube","title":{"rendered":"Roue \u00e0 aube"},"content":{"rendered":"<p>Cette photo a \u00e9t\u00e9 prise \u00e0 l&rsquo;lsle sur la Sorgue, petite ville du Vaucluse dans le sud de la France. On peut y voir une roue \u00e0 aube sur la Sorgue. La roue \u00e0 aube est un syst\u00e8me rustique qui permet de transformer l&rsquo;\u00e9nergie hydraulique d&rsquo;un cours d&rsquo;eau en \u00e9nergie m\u00e9canique. Le r\u00e9troviseur permet de la sublimer, on se sent projet\u00e9 au milieu, ce qui rend ce clich\u00e9 unique et original.<\/p>\n","protected":false},"excerpt":{"rendered":"<p>Open Edition<\/p>\n","protected":false},"featured_media":388,"comment_status":"open","ping_status":"closed","template":"","meta":{"spay_email":""},"product_cat":[26],"product_tag":[],"_links":{"self":[{"href":"https:\/\/shop.photoretroviseur.com\/index.php?rest_route=\/wp\/v2\/product\/383"}],"collection":[{"href":"https:\/\/shop.photoretroviseur.com\/index.php?rest_route=\/wp\/v2\/product"}],"about":[{"href":"https:\/\/shop.photoretroviseur.com\/index.php?rest_route=\/wp\/v2\/types\/product"}],"replies":[{"embeddable":true,"href":"https:\/\/shop.photoretroviseur.com\/index.php?rest_route=%2Fwp%2Fv2%2Fcomments&post=383"}],"wp:featuredmedia":[{"embeddable":true,"href":"https:\/\/shop.photoretroviseur.com\/index.php?rest_route=\/wp\/v2\/media\/388"}],"wp:attachment":[{"href":"https:\/\/shop.photoretroviseur.com\/index.php?rest_route=%2Fwp%2Fv2%2Fmedia&parent=383"}],"wp:term":[{"taxonomy":"product_cat","embeddable":true,"href":"https:\/\/shop.photoretroviseur.com\/index.php?rest_route=%2Fwp%2Fv2%2Fproduct_cat&post=383"},{"taxonomy":"product_tag","embeddable":true,"href":"https:\/\/shop.photoretroviseur.com\/index.php?rest_route=%2Fwp%2Fv2%2Fproduct_tag&post=383"}],"curies":[{"name":"wp","href":"https:\/\/api.w.org\/{rel}","templated":true}]}}