{"id":377,"date":"2021-12-05T21:17:46","date_gmt":"2021-12-05T21:17:46","guid":{"rendered":"https:\/\/shop.photoretroviseur.com\/?post_type=product&#038;p=377"},"modified":"2021-12-05T22:16:19","modified_gmt":"2021-12-05T22:16:19","slug":"arbre-fleuri","status":"publish","type":"product","link":"https:\/\/shop.photoretroviseur.com\/?product=arbre-fleuri","title":{"rendered":"Arbre fleuri"},"content":{"rendered":"<p>Cette photo a \u00e9t\u00e9 prise au jardin des plantes dans le 5\u00e8me arrondissement de Paris. On y trouve une multitude de fleurs, plantes, arbustes et arbres en tout genre. Le printemps est la meilleure saison pour le d\u00e9couvrir. Le r\u00e9troviseur permet d&rsquo;isoler et mettre en \u00e9vidence cet arbre en fleurs au milieu du jardin, ce qui rend ce clich\u00e9 unique et original.<\/p>\n","protected":false},"excerpt":{"rendered":"<p>Open Edition<\/p>\n","protected":false},"featured_media":381,"comment_status":"open","ping_status":"closed","template":"","meta":{"spay_email":""},"product_cat":[26],"product_tag":[],"_links":{"self":[{"href":"https:\/\/shop.photoretroviseur.com\/index.php?rest_route=\/wp\/v2\/product\/377"}],"collection":[{"href":"https:\/\/shop.photoretroviseur.com\/index.php?rest_route=\/wp\/v2\/product"}],"about":[{"href":"https:\/\/shop.photoretroviseur.com\/index.php?rest_route=\/wp\/v2\/types\/product"}],"replies":[{"embeddable":true,"href":"https:\/\/shop.photoretroviseur.com\/index.php?rest_route=%2Fwp%2Fv2%2Fcomments&post=377"}],"wp:featuredmedia":[{"embeddable":true,"href":"https:\/\/shop.photoretroviseur.com\/index.php?rest_route=\/wp\/v2\/media\/381"}],"wp:attachment":[{"href":"https:\/\/shop.photoretroviseur.com\/index.php?rest_route=%2Fwp%2Fv2%2Fmedia&parent=377"}],"wp:term":[{"taxonomy":"product_cat","embeddable":true,"href":"https:\/\/shop.photoretroviseur.com\/index.php?rest_route=%2Fwp%2Fv2%2Fproduct_cat&post=377"},{"taxonomy":"product_tag","embeddable":true,"href":"https:\/\/shop.photoretroviseur.com\/index.php?rest_route=%2Fwp%2Fv2%2Fproduct_tag&post=377"}],"curies":[{"name":"wp","href":"https:\/\/api.w.org\/{rel}","templated":true}]}}