{"id":371,"date":"2021-12-05T20:52:01","date_gmt":"2021-12-05T20:52:01","guid":{"rendered":"https:\/\/shop.photoretroviseur.com\/?post_type=product&#038;p=371"},"modified":"2021-12-05T22:17:08","modified_gmt":"2021-12-05T22:17:08","slug":"lagon-vert","status":"publish","type":"product","link":"https:\/\/shop.photoretroviseur.com\/?product=lagon-vert","title":{"rendered":"Lagon vert"},"content":{"rendered":"<p>Cette photo a \u00e9t\u00e9 prise dans l&rsquo;archipel des Canaries au sud de l&rsquo;\u00eele de Lanzarote pr\u00e8s de la ville d&rsquo;El Golfo. On peut y voir un lagon vert situ\u00e9 en retrait de la mer. Sa couleur d&rsquo;un vert \u00e9clatant est d\u00fb aux algues qui vivent dedans. Le r\u00e9troviseur permet d&rsquo;isoler ce magnifique lagon au milieu de l&rsquo;oc\u00e9an. La richesse des couleurs rend ce clich\u00e9 unique et original.<\/p>\n","protected":false},"excerpt":{"rendered":"<p>Open Edition<\/p>\n","protected":false},"featured_media":375,"comment_status":"open","ping_status":"closed","template":"","meta":{"spay_email":""},"product_cat":[26],"product_tag":[],"_links":{"self":[{"href":"https:\/\/shop.photoretroviseur.com\/index.php?rest_route=\/wp\/v2\/product\/371"}],"collection":[{"href":"https:\/\/shop.photoretroviseur.com\/index.php?rest_route=\/wp\/v2\/product"}],"about":[{"href":"https:\/\/shop.photoretroviseur.com\/index.php?rest_route=\/wp\/v2\/types\/product"}],"replies":[{"embeddable":true,"href":"https:\/\/shop.photoretroviseur.com\/index.php?rest_route=%2Fwp%2Fv2%2Fcomments&post=371"}],"wp:featuredmedia":[{"embeddable":true,"href":"https:\/\/shop.photoretroviseur.com\/index.php?rest_route=\/wp\/v2\/media\/375"}],"wp:attachment":[{"href":"https:\/\/shop.photoretroviseur.com\/index.php?rest_route=%2Fwp%2Fv2%2Fmedia&parent=371"}],"wp:term":[{"taxonomy":"product_cat","embeddable":true,"href":"https:\/\/shop.photoretroviseur.com\/index.php?rest_route=%2Fwp%2Fv2%2Fproduct_cat&post=371"},{"taxonomy":"product_tag","embeddable":true,"href":"https:\/\/shop.photoretroviseur.com\/index.php?rest_route=%2Fwp%2Fv2%2Fproduct_tag&post=371"}],"curies":[{"name":"wp","href":"https:\/\/api.w.org\/{rel}","templated":true}]}}