{"id":341,"date":"2021-11-02T18:33:45","date_gmt":"2021-11-02T18:33:45","guid":{"rendered":"https:\/\/shop.photoretroviseur.com\/?post_type=product&#038;p=341"},"modified":"2021-12-02T14:43:21","modified_gmt":"2021-12-02T14:43:21","slug":"pont-davignon-oe","status":"publish","type":"product","link":"https:\/\/shop.photoretroviseur.com\/?product=pont-davignon-oe","title":{"rendered":"Pont d&rsquo;Avignon"},"content":{"rendered":"<p>Cette photo a \u00e9t\u00e9 prise dans le d\u00e9partement du Vaucluse \u00e0 Avignon. Le r\u00e9troviseur met en \u00e9vidence le pont Saint-B\u00e9n\u00e9zet, plus connu sous le nom de Pont d&rsquo;Avignon. Il a la particularit\u00e9 de s&rsquo;arr\u00eater au milieu du Rh\u00f4ne, d\u00e9truit apr\u00e8s plusieurs crues. Il apparait dans la continuit\u00e9 de la photo, ce qui rend ce clich\u00e9 unique et original.<\/p>\n","protected":false},"excerpt":{"rendered":"<p>Open Edition<\/p>\n","protected":false},"featured_media":346,"comment_status":"open","ping_status":"closed","template":"","meta":{"spay_email":""},"product_cat":[26],"product_tag":[],"_links":{"self":[{"href":"https:\/\/shop.photoretroviseur.com\/index.php?rest_route=\/wp\/v2\/product\/341"}],"collection":[{"href":"https:\/\/shop.photoretroviseur.com\/index.php?rest_route=\/wp\/v2\/product"}],"about":[{"href":"https:\/\/shop.photoretroviseur.com\/index.php?rest_route=\/wp\/v2\/types\/product"}],"replies":[{"embeddable":true,"href":"https:\/\/shop.photoretroviseur.com\/index.php?rest_route=%2Fwp%2Fv2%2Fcomments&post=341"}],"wp:featuredmedia":[{"embeddable":true,"href":"https:\/\/shop.photoretroviseur.com\/index.php?rest_route=\/wp\/v2\/media\/346"}],"wp:attachment":[{"href":"https:\/\/shop.photoretroviseur.com\/index.php?rest_route=%2Fwp%2Fv2%2Fmedia&parent=341"}],"wp:term":[{"taxonomy":"product_cat","embeddable":true,"href":"https:\/\/shop.photoretroviseur.com\/index.php?rest_route=%2Fwp%2Fv2%2Fproduct_cat&post=341"},{"taxonomy":"product_tag","embeddable":true,"href":"https:\/\/shop.photoretroviseur.com\/index.php?rest_route=%2Fwp%2Fv2%2Fproduct_tag&post=341"}],"curies":[{"name":"wp","href":"https:\/\/api.w.org\/{rel}","templated":true}]}}