{"id":335,"date":"2021-11-02T18:00:11","date_gmt":"2021-11-02T18:00:11","guid":{"rendered":"https:\/\/shop.photoretroviseur.com\/?post_type=product&#038;p=335"},"modified":"2021-12-02T14:43:28","modified_gmt":"2021-12-02T14:43:28","slug":"sacre-coeur-oe","status":"publish","type":"product","link":"https:\/\/shop.photoretroviseur.com\/?product=sacre-coeur-oe","title":{"rendered":"Sacr\u00e9-C\u0153ur"},"content":{"rendered":"<p>Cette photo a \u00e9t\u00e9 prise dans le 18\u00e8me arrondissement de Paris au sommet de la butte Montmartre. Le r\u00e9troviseur permet de r\u00e9unir la vue sur Paris et la Basilique du Sacr\u00e9-C\u0153ur sur la m\u00eame photo, ce qui rend ce clich\u00e9 unique et original.<\/p>\n","protected":false},"excerpt":{"rendered":"<p>Open Edition<\/p>\n","protected":false},"featured_media":340,"comment_status":"open","ping_status":"closed","template":"","meta":{"spay_email":""},"product_cat":[26],"product_tag":[],"_links":{"self":[{"href":"https:\/\/shop.photoretroviseur.com\/index.php?rest_route=\/wp\/v2\/product\/335"}],"collection":[{"href":"https:\/\/shop.photoretroviseur.com\/index.php?rest_route=\/wp\/v2\/product"}],"about":[{"href":"https:\/\/shop.photoretroviseur.com\/index.php?rest_route=\/wp\/v2\/types\/product"}],"replies":[{"embeddable":true,"href":"https:\/\/shop.photoretroviseur.com\/index.php?rest_route=%2Fwp%2Fv2%2Fcomments&post=335"}],"wp:featuredmedia":[{"embeddable":true,"href":"https:\/\/shop.photoretroviseur.com\/index.php?rest_route=\/wp\/v2\/media\/340"}],"wp:attachment":[{"href":"https:\/\/shop.photoretroviseur.com\/index.php?rest_route=%2Fwp%2Fv2%2Fmedia&parent=335"}],"wp:term":[{"taxonomy":"product_cat","embeddable":true,"href":"https:\/\/shop.photoretroviseur.com\/index.php?rest_route=%2Fwp%2Fv2%2Fproduct_cat&post=335"},{"taxonomy":"product_tag","embeddable":true,"href":"https:\/\/shop.photoretroviseur.com\/index.php?rest_route=%2Fwp%2Fv2%2Fproduct_tag&post=335"}],"curies":[{"name":"wp","href":"https:\/\/api.w.org\/{rel}","templated":true}]}}