{"id":327,"date":"2021-11-01T18:02:38","date_gmt":"2021-11-01T18:02:38","guid":{"rendered":"https:\/\/shop.photoretroviseur.com\/?post_type=product&#038;p=327"},"modified":"2021-12-02T14:43:34","modified_gmt":"2021-12-02T14:43:34","slug":"tower-flowers","status":"publish","type":"product","link":"https:\/\/shop.photoretroviseur.com\/?product=tower-flowers","title":{"rendered":"Tower &#038; Flowers"},"content":{"rendered":"<p>Cette photo a \u00e9t\u00e9 prise dans le 16\u00e8me arrondissement de Paris au Jardin du Trocad\u00e9ro un jour de printemps. Le r\u00e9troviseur permet de positionner la Dame de fer au milieu de magnifiques fleurs, ce qui rend ce clich\u00e9 unique et original.<\/p>\n","protected":false},"excerpt":{"rendered":"<p>Open Edition<\/p>\n","protected":false},"featured_media":334,"comment_status":"open","ping_status":"closed","template":"","meta":{"spay_email":""},"product_cat":[26],"product_tag":[],"_links":{"self":[{"href":"https:\/\/shop.photoretroviseur.com\/index.php?rest_route=\/wp\/v2\/product\/327"}],"collection":[{"href":"https:\/\/shop.photoretroviseur.com\/index.php?rest_route=\/wp\/v2\/product"}],"about":[{"href":"https:\/\/shop.photoretroviseur.com\/index.php?rest_route=\/wp\/v2\/types\/product"}],"replies":[{"embeddable":true,"href":"https:\/\/shop.photoretroviseur.com\/index.php?rest_route=%2Fwp%2Fv2%2Fcomments&post=327"}],"wp:featuredmedia":[{"embeddable":true,"href":"https:\/\/shop.photoretroviseur.com\/index.php?rest_route=\/wp\/v2\/media\/334"}],"wp:attachment":[{"href":"https:\/\/shop.photoretroviseur.com\/index.php?rest_route=%2Fwp%2Fv2%2Fmedia&parent=327"}],"wp:term":[{"taxonomy":"product_cat","embeddable":true,"href":"https:\/\/shop.photoretroviseur.com\/index.php?rest_route=%2Fwp%2Fv2%2Fproduct_cat&post=327"},{"taxonomy":"product_tag","embeddable":true,"href":"https:\/\/shop.photoretroviseur.com\/index.php?rest_route=%2Fwp%2Fv2%2Fproduct_tag&post=327"}],"curies":[{"name":"wp","href":"https:\/\/api.w.org\/{rel}","templated":true}]}}