{"id":321,"date":"2021-11-01T17:46:30","date_gmt":"2021-11-01T17:46:30","guid":{"rendered":"https:\/\/shop.photoretroviseur.com\/?post_type=product&#038;p=321"},"modified":"2021-12-12T10:27:51","modified_gmt":"2021-12-12T10:27:51","slug":"cactus","status":"publish","type":"product","link":"https:\/\/shop.photoretroviseur.com\/?product=cactus","title":{"rendered":"Jardin"},"content":{"rendered":"<p>Cette photo a \u00e9t\u00e9 prise au Jardin de Cactus sur l&rsquo;\u00eele de Lanzarote dans l&rsquo;archipel des Canaries. Cr\u00e9e par C\u00e9sar Manrique et inaugur\u00e9 en 1990, il a la particularit\u00e9 d&rsquo;abriter plus de 1400 esp\u00e8ces diff\u00e9rentes. Au sommet se trouve un magnifique moulin blanc. Le r\u00e9troviseur permet de cr\u00e9er une continuit\u00e9 du jardin, du bas de l&rsquo;amphith\u00e9\u00e2tre, jusqu&rsquo;au moulin, ce qui rend ce clich\u00e9 unique et original.<\/p>\n","protected":false},"excerpt":{"rendered":"<p>Open Edition<\/p>\n","protected":false},"featured_media":325,"comment_status":"open","ping_status":"closed","template":"","meta":{"spay_email":""},"product_cat":[26],"product_tag":[],"_links":{"self":[{"href":"https:\/\/shop.photoretroviseur.com\/index.php?rest_route=\/wp\/v2\/product\/321"}],"collection":[{"href":"https:\/\/shop.photoretroviseur.com\/index.php?rest_route=\/wp\/v2\/product"}],"about":[{"href":"https:\/\/shop.photoretroviseur.com\/index.php?rest_route=\/wp\/v2\/types\/product"}],"replies":[{"embeddable":true,"href":"https:\/\/shop.photoretroviseur.com\/index.php?rest_route=%2Fwp%2Fv2%2Fcomments&post=321"}],"wp:featuredmedia":[{"embeddable":true,"href":"https:\/\/shop.photoretroviseur.com\/index.php?rest_route=\/wp\/v2\/media\/325"}],"wp:attachment":[{"href":"https:\/\/shop.photoretroviseur.com\/index.php?rest_route=%2Fwp%2Fv2%2Fmedia&parent=321"}],"wp:term":[{"taxonomy":"product_cat","embeddable":true,"href":"https:\/\/shop.photoretroviseur.com\/index.php?rest_route=%2Fwp%2Fv2%2Fproduct_cat&post=321"},{"taxonomy":"product_tag","embeddable":true,"href":"https:\/\/shop.photoretroviseur.com\/index.php?rest_route=%2Fwp%2Fv2%2Fproduct_tag&post=321"}],"curies":[{"name":"wp","href":"https:\/\/api.w.org\/{rel}","templated":true}]}}