{"id":315,"date":"2021-11-01T17:30:25","date_gmt":"2021-11-01T17:30:25","guid":{"rendered":"https:\/\/shop.photoretroviseur.com\/?post_type=product&#038;p=315"},"modified":"2021-12-02T14:43:47","modified_gmt":"2021-12-02T14:43:47","slug":"cerisier-oe","status":"publish","type":"product","link":"https:\/\/shop.photoretroviseur.com\/?product=cerisier-oe","title":{"rendered":"Cerisier"},"content":{"rendered":"<p>Cette photo a \u00e9t\u00e9 prise au Jardin des Plantes dans le 5\u00e8me arrondissement de Paris. Au printemps, les cerisiers d\u00e9voilent leurs magnifique fleurs roses. Le r\u00e9troviseur permet de les immortaliser en cr\u00e9ant une illusion de loupe dans la continuit\u00e9 des branches, ce qui rend ce clich\u00e9 unique et original.<\/p>\n","protected":false},"excerpt":{"rendered":"<p>Open Edition<\/p>\n","protected":false},"featured_media":319,"comment_status":"open","ping_status":"closed","template":"","meta":{"spay_email":""},"product_cat":[26],"product_tag":[],"_links":{"self":[{"href":"https:\/\/shop.photoretroviseur.com\/index.php?rest_route=\/wp\/v2\/product\/315"}],"collection":[{"href":"https:\/\/shop.photoretroviseur.com\/index.php?rest_route=\/wp\/v2\/product"}],"about":[{"href":"https:\/\/shop.photoretroviseur.com\/index.php?rest_route=\/wp\/v2\/types\/product"}],"replies":[{"embeddable":true,"href":"https:\/\/shop.photoretroviseur.com\/index.php?rest_route=%2Fwp%2Fv2%2Fcomments&post=315"}],"wp:featuredmedia":[{"embeddable":true,"href":"https:\/\/shop.photoretroviseur.com\/index.php?rest_route=\/wp\/v2\/media\/319"}],"wp:attachment":[{"href":"https:\/\/shop.photoretroviseur.com\/index.php?rest_route=%2Fwp%2Fv2%2Fmedia&parent=315"}],"wp:term":[{"taxonomy":"product_cat","embeddable":true,"href":"https:\/\/shop.photoretroviseur.com\/index.php?rest_route=%2Fwp%2Fv2%2Fproduct_cat&post=315"},{"taxonomy":"product_tag","embeddable":true,"href":"https:\/\/shop.photoretroviseur.com\/index.php?rest_route=%2Fwp%2Fv2%2Fproduct_tag&post=315"}],"curies":[{"name":"wp","href":"https:\/\/api.w.org\/{rel}","templated":true}]}}