{"id":309,"date":"2021-11-01T17:17:40","date_gmt":"2021-11-01T17:17:40","guid":{"rendered":"https:\/\/shop.photoretroviseur.com\/?post_type=product&#038;p=309"},"modified":"2021-12-02T14:43:54","modified_gmt":"2021-12-02T14:43:54","slug":"dj-oe","status":"publish","type":"product","link":"https:\/\/shop.photoretroviseur.com\/?product=dj-oe","title":{"rendered":"DJ"},"content":{"rendered":"<p>Cette photo a \u00e9t\u00e9 prise dans le 18\u00e8me arrondissement de Paris. Elle met en \u00e9vidence un magnifique tag situ\u00e9 sur le mur d&rsquo;un b\u00e2timent dans le quartier Stalingrad. J&rsquo;ai choisi de laisser le r\u00e9troviseur en couleurs pour donner encore plus de contraste et d&rsquo;int\u00e9r\u00eat \u00e0 la photo, ce qui rend ce clich\u00e9 unique et original.<\/p>\n","protected":false},"excerpt":{"rendered":"<p>Open Edition<\/p>\n","protected":false},"featured_media":313,"comment_status":"open","ping_status":"closed","template":"","meta":{"spay_email":""},"product_cat":[26],"product_tag":[],"_links":{"self":[{"href":"https:\/\/shop.photoretroviseur.com\/index.php?rest_route=\/wp\/v2\/product\/309"}],"collection":[{"href":"https:\/\/shop.photoretroviseur.com\/index.php?rest_route=\/wp\/v2\/product"}],"about":[{"href":"https:\/\/shop.photoretroviseur.com\/index.php?rest_route=\/wp\/v2\/types\/product"}],"replies":[{"embeddable":true,"href":"https:\/\/shop.photoretroviseur.com\/index.php?rest_route=%2Fwp%2Fv2%2Fcomments&post=309"}],"wp:featuredmedia":[{"embeddable":true,"href":"https:\/\/shop.photoretroviseur.com\/index.php?rest_route=\/wp\/v2\/media\/313"}],"wp:attachment":[{"href":"https:\/\/shop.photoretroviseur.com\/index.php?rest_route=%2Fwp%2Fv2%2Fmedia&parent=309"}],"wp:term":[{"taxonomy":"product_cat","embeddable":true,"href":"https:\/\/shop.photoretroviseur.com\/index.php?rest_route=%2Fwp%2Fv2%2Fproduct_cat&post=309"},{"taxonomy":"product_tag","embeddable":true,"href":"https:\/\/shop.photoretroviseur.com\/index.php?rest_route=%2Fwp%2Fv2%2Fproduct_tag&post=309"}],"curies":[{"name":"wp","href":"https:\/\/api.w.org\/{rel}","templated":true}]}}