{"id":303,"date":"2021-10-31T17:30:06","date_gmt":"2021-10-31T17:30:06","guid":{"rendered":"https:\/\/shop.photoretroviseur.com\/?post_type=product&#038;p=303"},"modified":"2021-12-02T14:44:00","modified_gmt":"2021-12-02T14:44:00","slug":"sapin","status":"publish","type":"product","link":"https:\/\/shop.photoretroviseur.com\/?product=sapin","title":{"rendered":"Sapin"},"content":{"rendered":"<p>Cette photo a \u00e9t\u00e9 prise dans les Alpes de Haute Provence une journ\u00e9e d&rsquo;hiver, la neige fra\u00eechement tomb\u00e9e. Les couleurs sont magnifiques. Le r\u00e9troviseur permet de mettre en \u00e9vidence un petit sapin enneig\u00e9 comme s&rsquo;il \u00e9tait dress\u00e9 devant nous alors qu&rsquo;il est situ\u00e9 derri\u00e8re, ce qui rend ce clich\u00e9 unique et original.<\/p>\n","protected":false},"excerpt":{"rendered":"<p>Open Edition<\/p>\n","protected":false},"featured_media":308,"comment_status":"open","ping_status":"closed","template":"","meta":{"spay_email":""},"product_cat":[26],"product_tag":[],"_links":{"self":[{"href":"https:\/\/shop.photoretroviseur.com\/index.php?rest_route=\/wp\/v2\/product\/303"}],"collection":[{"href":"https:\/\/shop.photoretroviseur.com\/index.php?rest_route=\/wp\/v2\/product"}],"about":[{"href":"https:\/\/shop.photoretroviseur.com\/index.php?rest_route=\/wp\/v2\/types\/product"}],"replies":[{"embeddable":true,"href":"https:\/\/shop.photoretroviseur.com\/index.php?rest_route=%2Fwp%2Fv2%2Fcomments&post=303"}],"wp:featuredmedia":[{"embeddable":true,"href":"https:\/\/shop.photoretroviseur.com\/index.php?rest_route=\/wp\/v2\/media\/308"}],"wp:attachment":[{"href":"https:\/\/shop.photoretroviseur.com\/index.php?rest_route=%2Fwp%2Fv2%2Fmedia&parent=303"}],"wp:term":[{"taxonomy":"product_cat","embeddable":true,"href":"https:\/\/shop.photoretroviseur.com\/index.php?rest_route=%2Fwp%2Fv2%2Fproduct_cat&post=303"},{"taxonomy":"product_tag","embeddable":true,"href":"https:\/\/shop.photoretroviseur.com\/index.php?rest_route=%2Fwp%2Fv2%2Fproduct_tag&post=303"}],"curies":[{"name":"wp","href":"https:\/\/api.w.org\/{rel}","templated":true}]}}