{"id":296,"date":"2021-10-31T17:10:06","date_gmt":"2021-10-31T17:10:06","guid":{"rendered":"https:\/\/shop.photoretroviseur.com\/?post_type=product&#038;p=296"},"modified":"2021-12-02T14:44:06","modified_gmt":"2021-12-02T14:44:06","slug":"sunset-oe","status":"publish","type":"product","link":"https:\/\/shop.photoretroviseur.com\/?product=sunset-oe","title":{"rendered":"Sunset"},"content":{"rendered":"<p>Cette photo a \u00e9t\u00e9 prise dans les Alpes de Haute Provence un soir d&rsquo;automne. Le r\u00e9troviseur permet de mettre en \u00e9vidence ce magnifique coucher de soleil sur la vall\u00e9e de l&rsquo;Ubaye. On se projette \u00e0 l&rsquo;int\u00e9rieur comme s&rsquo;il \u00e9tait dress\u00e9 devant nous, ce qui rend ce clich\u00e9 unique et original.<\/p>\n","protected":false},"excerpt":{"rendered":"<p>Open Edition<\/p>\n","protected":false},"featured_media":301,"comment_status":"open","ping_status":"closed","template":"","meta":{"spay_email":""},"product_cat":[26],"product_tag":[],"_links":{"self":[{"href":"https:\/\/shop.photoretroviseur.com\/index.php?rest_route=\/wp\/v2\/product\/296"}],"collection":[{"href":"https:\/\/shop.photoretroviseur.com\/index.php?rest_route=\/wp\/v2\/product"}],"about":[{"href":"https:\/\/shop.photoretroviseur.com\/index.php?rest_route=\/wp\/v2\/types\/product"}],"replies":[{"embeddable":true,"href":"https:\/\/shop.photoretroviseur.com\/index.php?rest_route=%2Fwp%2Fv2%2Fcomments&post=296"}],"wp:featuredmedia":[{"embeddable":true,"href":"https:\/\/shop.photoretroviseur.com\/index.php?rest_route=\/wp\/v2\/media\/301"}],"wp:attachment":[{"href":"https:\/\/shop.photoretroviseur.com\/index.php?rest_route=%2Fwp%2Fv2%2Fmedia&parent=296"}],"wp:term":[{"taxonomy":"product_cat","embeddable":true,"href":"https:\/\/shop.photoretroviseur.com\/index.php?rest_route=%2Fwp%2Fv2%2Fproduct_cat&post=296"},{"taxonomy":"product_tag","embeddable":true,"href":"https:\/\/shop.photoretroviseur.com\/index.php?rest_route=%2Fwp%2Fv2%2Fproduct_tag&post=296"}],"curies":[{"name":"wp","href":"https:\/\/api.w.org\/{rel}","templated":true}]}}