{"id":290,"date":"2021-10-30T22:07:12","date_gmt":"2021-10-30T22:07:12","guid":{"rendered":"https:\/\/shop.photoretroviseur.com\/?post_type=product&#038;p=290"},"modified":"2021-12-02T14:44:11","modified_gmt":"2021-12-02T14:44:11","slug":"oia-oe","status":"publish","type":"product","link":"https:\/\/shop.photoretroviseur.com\/?product=oia-oe","title":{"rendered":"Oia"},"content":{"rendered":"<p>Cette photo a \u00e9t\u00e9 prise lors de mon s\u00e9jour en Ao\u00fbt 2021 sur une des \u00eeles cultes des Cyclades, Santorin. Le r\u00e9troviseur permet de rassembler sur la m\u00eame photo le magnifique petit village d&rsquo;Oia connu pour ses couchers de soleil \u00e0 couper le souffle et la splendide vue sur la Caldeira. C&rsquo;est ce qui rend ce clich\u00e9 unique et original.<\/p>\n","protected":false},"excerpt":{"rendered":"<p>Open Edition<\/p>\n","protected":false},"featured_media":294,"comment_status":"open","ping_status":"closed","template":"","meta":{"spay_email":""},"product_cat":[26],"product_tag":[],"_links":{"self":[{"href":"https:\/\/shop.photoretroviseur.com\/index.php?rest_route=\/wp\/v2\/product\/290"}],"collection":[{"href":"https:\/\/shop.photoretroviseur.com\/index.php?rest_route=\/wp\/v2\/product"}],"about":[{"href":"https:\/\/shop.photoretroviseur.com\/index.php?rest_route=\/wp\/v2\/types\/product"}],"replies":[{"embeddable":true,"href":"https:\/\/shop.photoretroviseur.com\/index.php?rest_route=%2Fwp%2Fv2%2Fcomments&post=290"}],"wp:featuredmedia":[{"embeddable":true,"href":"https:\/\/shop.photoretroviseur.com\/index.php?rest_route=\/wp\/v2\/media\/294"}],"wp:attachment":[{"href":"https:\/\/shop.photoretroviseur.com\/index.php?rest_route=%2Fwp%2Fv2%2Fmedia&parent=290"}],"wp:term":[{"taxonomy":"product_cat","embeddable":true,"href":"https:\/\/shop.photoretroviseur.com\/index.php?rest_route=%2Fwp%2Fv2%2Fproduct_cat&post=290"},{"taxonomy":"product_tag","embeddable":true,"href":"https:\/\/shop.photoretroviseur.com\/index.php?rest_route=%2Fwp%2Fv2%2Fproduct_tag&post=290"}],"curies":[{"name":"wp","href":"https:\/\/api.w.org\/{rel}","templated":true}]}}