{"id":16,"date":"2021-04-19T20:00:07","date_gmt":"2021-04-19T20:00:07","guid":{"rendered":"https:\/\/shop.photoretroviseur.com\/?post_type=product&#038;p=16"},"modified":"2022-08-17T14:41:23","modified_gmt":"2022-08-17T14:41:23","slug":"pont-du-gard","status":"publish","type":"product","link":"https:\/\/shop.photoretroviseur.com\/?product=pont-du-gard","title":{"rendered":"Pont du Gard"},"content":{"rendered":"<p><span style=\"color: #000000; text-align: justify;\">Cette photo a \u00e9t\u00e9 prise lors de mon s\u00e9jour dans le sud de la France en Ao\u00fbt 2020. Le temps \u00e9tait gris, j&rsquo;ai donc prioris\u00e9 la photo en noir et blanc qui s&rsquo;adapte mieux avec un ciel nuageux et pour un monument en pierres. Le r\u00e9tro permet de sublimer ce pont embl\u00e9matique d&rsquo;une fa\u00e7on extraordinaire. En s&rsquo;y projetant, on a l&rsquo;impression de passer \u00e0 travers et d&rsquo;avoir le pont dress\u00e9 devant nous alors qu&rsquo;il se trouve en r\u00e9alit\u00e9 derri\u00e8re. C&rsquo;est ce qui rend ce clich\u00e9 unique et original<\/span><\/p>\n","protected":false},"excerpt":{"rendered":"<p>Edition limit\u00e9e \u00e0 30 exemplaires, num\u00e9rot\u00e9e, dat\u00e9e et sign\u00e9e par mes soins<\/p>\n","protected":false},"featured_media":21,"comment_status":"open","ping_status":"closed","template":"","meta":{"spay_email":""},"product_cat":[25],"product_tag":[],"_links":{"self":[{"href":"https:\/\/shop.photoretroviseur.com\/index.php?rest_route=\/wp\/v2\/product\/16"}],"collection":[{"href":"https:\/\/shop.photoretroviseur.com\/index.php?rest_route=\/wp\/v2\/product"}],"about":[{"href":"https:\/\/shop.photoretroviseur.com\/index.php?rest_route=\/wp\/v2\/types\/product"}],"replies":[{"embeddable":true,"href":"https:\/\/shop.photoretroviseur.com\/index.php?rest_route=%2Fwp%2Fv2%2Fcomments&post=16"}],"wp:featuredmedia":[{"embeddable":true,"href":"https:\/\/shop.photoretroviseur.com\/index.php?rest_route=\/wp\/v2\/media\/21"}],"wp:attachment":[{"href":"https:\/\/shop.photoretroviseur.com\/index.php?rest_route=%2Fwp%2Fv2%2Fmedia&parent=16"}],"wp:term":[{"taxonomy":"product_cat","embeddable":true,"href":"https:\/\/shop.photoretroviseur.com\/index.php?rest_route=%2Fwp%2Fv2%2Fproduct_cat&post=16"},{"taxonomy":"product_tag","embeddable":true,"href":"https:\/\/shop.photoretroviseur.com\/index.php?rest_route=%2Fwp%2Fv2%2Fproduct_tag&post=16"}],"curies":[{"name":"wp","href":"https:\/\/api.w.org\/{rel}","templated":true}]}}