{"id":215,"date":"2021-06-06T15:05:15","date_gmt":"2021-06-06T15:05:15","guid":{"rendered":"https:\/\/shop.photoretroviseur.com\/?page_id=215"},"modified":"2021-06-06T15:24:46","modified_gmt":"2021-06-06T15:24:46","slug":"elementor-215","status":"publish","type":"page","link":"https:\/\/shop.photoretroviseur.com\/?page_id=215","title":{"rendered":"Qui suis-je?"},"content":{"rendered":"\t\t<div data-elementor-type=\"wp-page\" data-elementor-id=\"215\" class=\"elementor elementor-215\" data-elementor-settings=\"[]\">\n\t\t\t\t\t\t\t<div class=\"elementor-section-wrap\">\n\t\t\t\t\t\t\t<section class=\"elementor-section elementor-top-section elementor-element elementor-element-76b898e elementor-section-boxed elementor-section-height-default elementor-section-height-default\" data-id=\"76b898e\" data-element_type=\"section\">\n\t\t\t\t\t\t<div class=\"elementor-container elementor-column-gap-default\">\n\t\t\t\t\t<div class=\"elementor-column elementor-col-100 elementor-top-column elementor-element elementor-element-12fbc1c\" data-id=\"12fbc1c\" data-element_type=\"column\">\n\t\t\t<div class=\"elementor-widget-wrap elementor-element-populated\">\n\t\t\t\t\t\t\t\t<section class=\"elementor-section elementor-inner-section elementor-element elementor-element-66a93e0 elementor-section-boxed elementor-section-height-default elementor-section-height-default\" data-id=\"66a93e0\" data-element_type=\"section\">\n\t\t\t\t\t\t<div class=\"elementor-container elementor-column-gap-default\">\n\t\t\t\t\t<div class=\"elementor-column elementor-col-50 elementor-inner-column elementor-element elementor-element-108f16c\" data-id=\"108f16c\" data-element_type=\"column\">\n\t\t\t<div class=\"elementor-widget-wrap elementor-element-populated\">\n\t\t\t\t\t\t\t\t<div class=\"elementor-element elementor-element-982bba1 elementor-widget elementor-widget-image\" data-id=\"982bba1\" data-element_type=\"widget\" data-widget_type=\"image.default\">\n\t\t\t\t<div class=\"elementor-widget-container\">\n\t\t\t\t\t\t\t\t\t\t\t\t\t\t\t<img width=\"730\" height=\"487\" src=\"https:\/\/shop.photoretroviseur.com\/wp-content\/uploads\/2021\/06\/IMG_4718-Copier.jpg\" class=\"attachment-large size-large\" alt=\"\" loading=\"lazy\" srcset=\"https:\/\/shop.photoretroviseur.com\/wp-content\/uploads\/2021\/06\/IMG_4718-Copier.jpg 1024w, https:\/\/shop.photoretroviseur.com\/wp-content\/uploads\/2021\/06\/IMG_4718-Copier-300x200.jpg 300w, https:\/\/shop.photoretroviseur.com\/wp-content\/uploads\/2021\/06\/IMG_4718-Copier-768x512.jpg 768w, https:\/\/shop.photoretroviseur.com\/wp-content\/uploads\/2021\/06\/IMG_4718-Copier-600x400.jpg 600w\" sizes=\"(max-width: 730px) 100vw, 730px\" \/>\t\t\t\t\t\t\t\t\t\t\t\t\t\t\t<\/div>\n\t\t\t\t<\/div>\n\t\t\t\t\t<\/div>\n\t\t<\/div>\n\t\t\t\t<div class=\"elementor-column elementor-col-50 elementor-inner-column elementor-element elementor-element-87e441e\" data-id=\"87e441e\" data-element_type=\"column\">\n\t\t\t<div class=\"elementor-widget-wrap elementor-element-populated\">\n\t\t\t\t\t\t\t\t<div class=\"elementor-element elementor-element-d26370d elementor-widget elementor-widget-image\" data-id=\"d26370d\" data-element_type=\"widget\" data-widget_type=\"image.default\">\n\t\t\t\t<div class=\"elementor-widget-container\">\n\t\t\t\t\t\t\t\t\t\t\t\t\t\t\t<img width=\"730\" height=\"636\" src=\"https:\/\/shop.photoretroviseur.com\/wp-content\/uploads\/2021\/06\/IMG_5606-1024x892.jpg\" class=\"attachment-large size-large\" alt=\"\" loading=\"lazy\" srcset=\"https:\/\/shop.photoretroviseur.com\/wp-content\/uploads\/2021\/06\/IMG_5606-1024x892.jpg 1024w, https:\/\/shop.photoretroviseur.com\/wp-content\/uploads\/2021\/06\/IMG_5606-300x261.jpg 300w, https:\/\/shop.photoretroviseur.com\/wp-content\/uploads\/2021\/06\/IMG_5606-768x669.jpg 768w, https:\/\/shop.photoretroviseur.com\/wp-content\/uploads\/2021\/06\/IMG_5606-1536x1338.jpg 1536w, https:\/\/shop.photoretroviseur.com\/wp-content\/uploads\/2021\/06\/IMG_5606-2048x1784.jpg 2048w, https:\/\/shop.photoretroviseur.com\/wp-content\/uploads\/2021\/06\/IMG_5606-600x523.jpg 600w\" sizes=\"(max-width: 730px) 100vw, 730px\" \/>\t\t\t\t\t\t\t\t\t\t\t\t\t\t\t<\/div>\n\t\t\t\t<\/div>\n\t\t\t\t\t<\/div>\n\t\t<\/div>\n\t\t\t\t\t\t\t<\/div>\n\t\t<\/section>\n\t\t\t\t\t<\/div>\n\t\t<\/div>\n\t\t\t\t\t\t\t<\/div>\n\t\t<\/section>\n\t\t\t\t<section class=\"elementor-section elementor-top-section elementor-element elementor-element-5018afb elementor-section-full_width elementor-section-height-default elementor-section-height-default\" data-id=\"5018afb\" data-element_type=\"section\">\n\t\t\t\t\t\t<div class=\"elementor-container elementor-column-gap-default\">\n\t\t\t\t\t<div class=\"elementor-column elementor-col-100 elementor-top-column elementor-element elementor-element-184c133\" data-id=\"184c133\" data-element_type=\"column\">\n\t\t\t<div class=\"elementor-widget-wrap elementor-element-populated\">\n\t\t\t\t\t\t\t\t<div class=\"elementor-element elementor-element-a87f7bc elementor-widget elementor-widget-text-editor\" data-id=\"a87f7bc\" data-element_type=\"widget\" data-widget_type=\"text-editor.default\">\n\t\t\t\t<div class=\"elementor-widget-container\">\n\t\t\t\t\t\t\t<h2 class=\"has-text-align-center\">Bonjour et Bienvenue<\/h2><p style=\"text-align: justify;\"><!-- \/wp:heading --><!-- wp:paragraph {\"align\":\"justify\",\"textColor\":\"black\"} --><\/p><p class=\"has-text-align-center has-black-color has-text-color\" style=\"text-align: justify;\">Je m\u2019appelle Romain Manuel et suis photographe amateur. Originaire du Luberon, j\u2019habite \u00e0 Paris depuis 2012<\/p><p style=\"text-align: left;\"><!-- \/wp:paragraph --><!-- wp:paragraph {\"align\":\"center\",\"textColor\":\"black\"} --><\/p><p class=\"has-text-align-center has-black-color has-text-color\" style=\"text-align: justify;\">Tout commence en 2017 lors de l&rsquo;achat de mon scooter. En regardant dans les r\u00e9troviseurs, je me suis rendu compte de la beaut\u00e9 de Paris sous un autre angle. J&rsquo;ai donc eu l&rsquo;id\u00e9e de prendre en photo des monuments de Paris dans mon r\u00e9troviseur. J&rsquo;ai ensuite chang\u00e9 de r\u00e9troviseur pour avoir un meilleur rendu. Pour les endroits inaccessibles en scooter, j&rsquo;ai d\u00e9cid\u00e9 d&#8217;emporter mon r\u00e9troviseur \u00e0 la main pour vous offrir des clich\u00e9s uniques et magnifiques \u00e0 Paris, en France et \u00e0 l&rsquo;\u00e9tranger.<\/p><p style=\"text-align: left;\"><!-- \/wp:paragraph --><!-- wp:paragraph {\"align\":\"center\",\"textColor\":\"black\"} --><\/p><p class=\"has-text-align-center has-black-color has-text-color\" style=\"text-align: justify;\">D\u00e9couvrir des paysages exceptionnels d&rsquo;une fa\u00e7on exceptionnelle, c&rsquo;est toute l&rsquo;id\u00e9e de Photo R\u00e9tro.<\/p><p style=\"text-align: left;\"><!-- \/wp:paragraph --><!-- wp:paragraph {\"align\":\"center\",\"textColor\":\"black\"} --><\/p><p class=\"has-text-align-center has-black-color has-text-color\" style=\"text-align: justify;\">Montez-en selle, accrochez-vous et passez un agr\u00e9able voyage !<\/p><p style=\"text-align: left;\"><!-- \/wp:paragraph --><!-- wp:paragraph {\"align\":\"center\",\"textColor\":\"black\"} --><\/p><p class=\"has-text-align-center has-black-color has-text-color\" style=\"text-align: center;\">A bient\u00f4t<\/p>\t\t\t\t\t\t<\/div>\n\t\t\t\t<\/div>\n\t\t\t\t\t<\/div>\n\t\t<\/div>\n\t\t\t\t\t\t\t<\/div>\n\t\t<\/section>\n\t\t\t\t\t\t<\/div>\n\t\t\t\t\t<\/div>\n\t\t","protected":false},"excerpt":{"rendered":"<p>Bonjour et BienvenueJe m\u2019appelle Romain Manuel et suis photographe amateur. Originaire du Luberon, j\u2019habite \u00e0 Paris depuis 2012Tout commence en 2017 lors de l&rsquo;achat de mon scooter. En regardant dans les r\u00e9troviseurs, je me suis rendu compte de la beaut\u00e9 de Paris sous un autre angle. J&rsquo;ai donc eu l&rsquo;id\u00e9e de prendre en photo des&hellip; <\/p>\n","protected":false},"author":1,"featured_media":0,"parent":0,"menu_order":0,"comment_status":"closed","ping_status":"closed","template":"","meta":{"spay_email":""},"_links":{"self":[{"href":"https:\/\/shop.photoretroviseur.com\/index.php?rest_route=\/wp\/v2\/pages\/215"}],"collection":[{"href":"https:\/\/shop.photoretroviseur.com\/index.php?rest_route=\/wp\/v2\/pages"}],"about":[{"href":"https:\/\/shop.photoretroviseur.com\/index.php?rest_route=\/wp\/v2\/types\/page"}],"author":[{"embeddable":true,"href":"https:\/\/shop.photoretroviseur.com\/index.php?rest_route=\/wp\/v2\/users\/1"}],"replies":[{"embeddable":true,"href":"https:\/\/shop.photoretroviseur.com\/index.php?rest_route=%2Fwp%2Fv2%2Fcomments&post=215"}],"version-history":[{"count":23,"href":"https:\/\/shop.photoretroviseur.com\/index.php?rest_route=\/wp\/v2\/pages\/215\/revisions"}],"predecessor-version":[{"id":241,"href":"https:\/\/shop.photoretroviseur.com\/index.php?rest_route=\/wp\/v2\/pages\/215\/revisions\/241"}],"wp:attachment":[{"href":"https:\/\/shop.photoretroviseur.com\/index.php?rest_route=%2Fwp%2Fv2%2Fmedia&parent=215"}],"curies":[{"name":"wp","href":"https:\/\/api.w.org\/{rel}","templated":true}]}}