{"id":136,"date":"2021-05-26T17:35:25","date_gmt":"2021-05-26T17:35:25","guid":{"rendered":"https:\/\/shop.photoretroviseur.com\/?page_id=136"},"modified":"2021-05-27T16:09:11","modified_gmt":"2021-05-27T16:09:11","slug":"rgpd","status":"publish","type":"page","link":"https:\/\/shop.photoretroviseur.com\/?page_id=136","title":{"rendered":"RGPD"},"content":{"rendered":"\t\t<div data-elementor-type=\"wp-page\" data-elementor-id=\"136\" class=\"elementor elementor-136\" data-elementor-settings=\"[]\">\n\t\t\t\t\t\t\t<div class=\"elementor-section-wrap\">\n\t\t\t\t\t\t\t<section class=\"elementor-section elementor-top-section elementor-element elementor-element-2a56dc8 elementor-section-stretched elementor-section-boxed elementor-section-height-default elementor-section-height-default\" data-id=\"2a56dc8\" data-element_type=\"section\" data-settings=\"{&quot;stretch_section&quot;:&quot;section-stretched&quot;}\">\n\t\t\t\t\t\t<div class=\"elementor-container elementor-column-gap-default\">\n\t\t\t\t\t<div class=\"elementor-column elementor-col-100 elementor-top-column elementor-element elementor-element-3a828901\" data-id=\"3a828901\" data-element_type=\"column\">\n\t\t\t<div class=\"elementor-widget-wrap elementor-element-populated\">\n\t\t\t\t\t\t\t\t<div class=\"elementor-element elementor-element-44314e4a elementor-widget elementor-widget-text-editor\" data-id=\"44314e4a\" data-element_type=\"widget\" data-widget_type=\"text-editor.default\">\n\t\t\t\t<div class=\"elementor-widget-container\">\n\t\t\t\t\t\t\t<!-- wp:heading {\"level\":1} -->\n<h1>Protection des donnees personnelles<\/h1>\n<!-- \/wp:heading --><!-- wp:separator --><hr class=\"wp-block-separator\" \/><!-- \/wp:separator --><!-- wp:heading {\"level\":3} -->\n<h3>INFORMATIONS PERSONNELLES &amp; CONFIDENTIALIT\u00c9 (RGPD)<\/h3>\n<!-- \/wp:heading --><!-- wp:paragraph -->\n<p>Nous utilisons vos donn\u00e9es personnelles, que vous avez au pr\u00e9alable renseign\u00e9es lors de votre commande sur notre site\u00a0<a href=\"https:\/\/robin-djebali.myshopify.com\/\" target=\"_blank\" rel=\"noreferrer noopener\">https:\/\/shop.photoretroviseur.com<\/a>\u00a0simplement pour vous communiquer nos offres promotionnelles du moment, nos nouveaut\u00e9s, produits, des focus marques, etc. \u00e0 travers divers supports de communication comme l&rsquo;envoi de Newsletter.<\/p>\n<!-- \/wp:paragraph --><!-- wp:paragraph -->\n<p>De plus, il est imp\u00e9ratif de cr\u00e9er votre compte client afin de passer commande sur notre site internet dans le but de suivre sa commande ou effectuer un retour, c&rsquo;est \u00e0 ce moment l\u00e0 que vous acceptez de recevoir nos publicit\u00e9s. Dans aucun cas, vos donn\u00e9es ne seront transmises ou revendues \u00e0 quelconque prestataire, elles restent strictement confidentielles \u00e0\u00a0<a href=\"https:\/\/robin-djebali.myshopify.com\/\" target=\"_blank\" rel=\"noreferrer noopener\">https:\/\/shop.photoretroviseur.com<\/a><\/p>\n<!-- \/wp:paragraph --><!-- wp:paragraph -->\n<p>Nous utilisons des cookies, sous r\u00e9serve de votre consentement, pour faciliter votre navigation sur la Plateforme, ces cookies nous permettent de connaitre vos habitudes d&rsquo;achat et votre parcours client afin de mieux cibler vos attends et par la suite cibler notre communication en fonction de vos besoins (pour plus de d\u00e9tails, voir paragraphe \u00ab\u00a0Mentions relatives aux cookies).<\/p>\n<!-- \/wp:paragraph --><!-- wp:paragraph -->\n<p>Vous pouvez vous d\u00e9sabonner de la Newsletter \u00e0 tout moment.<\/p>\n<!-- \/wp:paragraph --><!-- wp:heading {\"level\":3} -->\n<h3>MENTIONS RELATIVES AUX COOKIES<\/h3>\n<!-- \/wp:heading --><!-- wp:paragraph -->\n<p>Qu\u2019est-ce qu\u2019un cookie et \u00e0 quoi sert-il ?<\/p>\n<!-- \/wp:paragraph --><!-- wp:paragraph -->\n<p>Un cookie (ou t\u00e9moin de connexion) est un fichier texte susceptible d\u2019\u00eatre enregistr\u00e9, sous r\u00e9serve de vos choix, dans un espace d\u00e9di\u00e9 du disque dur de votre terminal (ordinateur, tablette &#8230;) \u00e0 l\u2019occasion de la consultation d\u2019un service en ligne gr\u00e2ce \u00e0 votre logiciel de navigation.<\/p>\n<!-- \/wp:paragraph --><!-- wp:paragraph -->\n<p>Il est transmis par le serveur d\u2019un site internet \u00e0 votre navigateur. A chaque cookie est attribu\u00e9 un identifiant anonyme. Le fichier cookie permet \u00e0 son \u00e9metteur d\u2019identifier le terminal dans lequel il est enregistr\u00e9 pendant la dur\u00e9e de validit\u00e9 ou d\u2019enregistrement du cookie concern\u00e9. Un cookie ne permet pas de remonter \u00e0 une personne physique.<\/p>\n<!-- \/wp:paragraph --><!-- wp:paragraph -->\n<p><strong>Quels types de cookies sont d\u00e9pos\u00e9s par le site Web ?<\/strong><\/p>\n<!-- \/wp:paragraph --><!-- wp:paragraph -->\n<p><em>Cookie publicitaires Google AdSense<\/em><\/p>\n<!-- \/wp:paragraph --><!-- wp:paragraph -->\n<p>Des services tiers de publicit\u00e9s comme la r\u00e9gie Adsense (et ses partenaires) contr\u00f4lent des cookies depuis leurs espaces publicitaires.<\/p>\n<!-- \/wp:paragraph --><!-- wp:paragraph -->\n<p>Le pr\u00e9sent site Internet n\u2019est pas responsable de la gestion et de la dur\u00e9e de vie de ces cookies tiers et vous invite \u00e0 prendre connaissance de la politique de chacun de ces prestataires.<\/p>\n<!-- \/wp:paragraph --><!-- wp:paragraph -->\n<p>Ils ont pour but de vous adresser des publicit\u00e9s personnalis\u00e9es adapt\u00e9es \u00e0 vos attentes. Aucune donn\u00e9es personnelles telles que vos nom, pr\u00e9nom, adresse postale ou \u00e9lectronique, etc. ne sera transmis \u00e0 ces tiers partenaires dont l\u2019intervention sur le site web se limite au d\u00e9p\u00f4t de cookie par le biais des contenus publicitaires qu\u2019ils g\u00e8rent.<\/p>\n<!-- \/wp:paragraph --><!-- wp:paragraph -->\n<p>Le pr\u00e9sent site Web et n\u2019a aucun contr\u00f4le sur ces cookies.<\/p>\n<!-- \/wp:paragraph --><!-- wp:paragraph -->\n<p><em>Cookies de Statistiques Google Analytics<\/em><\/p>\n<!-- \/wp:paragraph --><!-- wp:paragraph -->\n<p>Ces cookies permettent d\u2019\u00e9tablir des statistiques de fr\u00e9quentation et de d\u00e9tecter des probl\u00e8mes de navigation afin de suivre et d\u2019am\u00e9liorer la qualit\u00e9 de nos services.<\/p>\n<!-- \/wp:paragraph --><!-- wp:paragraph -->\n<p>Exercez vos choix selon le navigateur que vous utilisez.<\/p>\n<!-- \/wp:paragraph --><!-- wp:paragraph -->\n<p>Vous pouvez \u00e0 tout moment param\u00e9trer votre navigateur afin d\u2019exprimer et de modifier vos souhaits en mati\u00e8re de cookies et notamment concernant les cookies de statistique. Vous pouvez exprimer vos choix en param\u00e9trant votre navigateur de fa\u00e7on \u00e0 refuser certains cookies.<\/p>\n<!-- \/wp:paragraph --><!-- wp:paragraph -->\n<p>Si vous refusez nos cookies et ceux de nos partenaires, votre visite ne sera plus comptabilis\u00e9e dans Google Analytics et vous ne pourrez plus b\u00e9n\u00e9ficier d\u2019un certain nombre de fonctionnalit\u00e9s qui sont n\u00e9anmoins n\u00e9cessaires pour naviguer dans certaines de nos pages.<\/p>\n<!-- \/wp:paragraph --><!-- wp:paragraph -->\n<p>Nous vous informons que vous pouvez toutefois vous opposer \u00e0 l\u2019enregistrement de cookies en suivant le mode op\u00e9ratoire disponible ci-dessous :<\/p>\n<!-- \/wp:paragraph --><!-- wp:paragraph -->\n<p><em><strong>Sur Internet Explorer<\/strong><\/em><\/p>\n<!-- \/wp:paragraph --><!-- wp:paragraph -->\n<p>1. Allez dans Outils &gt; Options Internet.<\/p>\n<!-- \/wp:paragraph --><!-- wp:paragraph -->\n<p>2. Cliquez sur l\u2019onglet confidentialit\u00e9.<\/p>\n<!-- \/wp:paragraph --><!-- wp:paragraph -->\n<p>3. Cliquez sur le bouton avanc\u00e9, cochez la case \u00bb Ignorer la gestion automatique des cookies \u00bb.<\/p>\n<!-- \/wp:paragraph --><!-- wp:paragraph -->\n<p><em><strong>Sur Firefox<\/strong><\/em><\/p>\n<!-- \/wp:paragraph --><!-- wp:paragraph -->\n<p>1. En haut de la fen\u00eatre de Firefox, cliquez sur le bouton Firefox (menu Outils sous Windows XP), puis s\u00e9lectionnez Options.<\/p>\n<!-- \/wp:paragraph --><!-- wp:paragraph -->\n<p>2. S\u00e9lectionnez le panneau Vie priv\u00e9e.<\/p>\n<!-- \/wp:paragraph --><!-- wp:paragraph -->\n<p>3. Param\u00e9trez R\u00e8gles de conservation : \u00e0 utiliser les param\u00e8tres personnalis\u00e9s pour l\u2019historique.<\/p>\n<!-- \/wp:paragraph --><!-- wp:paragraph -->\n<p>4. D\u00e9cochez Accepter les cookies.<\/p>\n<!-- \/wp:paragraph --><!-- wp:paragraph -->\n<p><em><strong>Sur Chrome<\/strong><\/em><\/p>\n<!-- \/wp:paragraph --><!-- wp:paragraph -->\n<p>1. Cliquez sur l\u2019ic\u00f4ne repr\u00e9sentant une cl\u00e9 \u00e0 molette qui est situ\u00e9e dans la barre d\u2019outils du navigateur.<\/p>\n<!-- \/wp:paragraph --><!-- wp:paragraph -->\n<p>2. S\u00e9lectionnez Param\u00e8tres.<\/p>\n<!-- \/wp:paragraph --><!-- wp:paragraph -->\n<p>3. Cliquez sur Afficher les param\u00e8tres avanc\u00e9s.<\/p>\n<!-- \/wp:paragraph --><!-- wp:paragraph -->\n<p>4. Dans la section \u00ab Confidentialit\u00e9 \u00bb, cliquez sur le bouton Param\u00e8tres de contenu.<\/p>\n<!-- \/wp:paragraph --><!-- wp:paragraph -->\n<p>5. Dans la section \u00ab Cookies \u00bb, vous pouvez bloquer les cookies et donn\u00e9es de sites tiers<\/p>\n<!-- \/wp:paragraph --><!-- wp:paragraph -->\n<p><em><strong>Sur Safari<\/strong><\/em><\/p>\n<!-- \/wp:paragraph --><!-- wp:paragraph -->\n<p>1. Allez dans R\u00e9glages &gt; Pr\u00e9f\u00e9rences<\/p>\n<!-- \/wp:paragraph --><!-- wp:paragraph -->\n<p>2. Cliquez sur l\u2019onglet Confidentialit\u00e9<\/p>\n<!-- \/wp:paragraph --><!-- wp:paragraph -->\n<p>3. Dans la zone \u00bb Bloquer les cookies \u00ab , cochez la case \u00ab toujours \u00bb<\/p>\n<!-- \/wp:paragraph --><!-- wp:paragraph -->\n<p><em><strong>Sur Op\u00e9ra<\/strong><\/em><\/p>\n<!-- \/wp:paragraph --><!-- wp:paragraph -->\n<p>1. Allez dans R\u00e9glages &gt; Pr\u00e9f\u00e9rences<\/p>\n<!-- \/wp:paragraph --><!-- wp:paragraph -->\n<p>2. Cliquez sur l\u2019onglet avanc\u00e9es<\/p>\n<!-- \/wp:paragraph --><!-- wp:paragraph -->\n<p>3. Dans la zone \u00bb Cookies \u00ab , cochez la case \u00bb Ne jamais accepter les cookies \u00bb<\/p>\n<!-- \/wp:paragraph -->\t\t\t\t\t\t<\/div>\n\t\t\t\t<\/div>\n\t\t\t\t\t<\/div>\n\t\t<\/div>\n\t\t\t\t\t\t\t<\/div>\n\t\t<\/section>\n\t\t\t\t\t\t<\/div>\n\t\t\t\t\t<\/div>\n\t\t","protected":false},"excerpt":{"rendered":"<p>Protection des donnees personnelles INFORMATIONS PERSONNELLES &amp; CONFIDENTIALIT\u00c9 (RGPD) Nous utilisons vos donn\u00e9es personnelles, que vous avez au pr\u00e9alable renseign\u00e9es lors de votre commande sur notre site\u00a0https:\/\/shop.photoretroviseur.com\u00a0simplement pour vous communiquer nos offres promotionnelles du moment, nos nouveaut\u00e9s, produits, des focus marques, etc. \u00e0 travers divers supports de communication comme l&rsquo;envoi de Newsletter. De plus, il&hellip; <\/p>\n","protected":false},"author":1,"featured_media":0,"parent":0,"menu_order":0,"comment_status":"closed","ping_status":"closed","template":"","meta":{"spay_email":""},"_links":{"self":[{"href":"https:\/\/shop.photoretroviseur.com\/index.php?rest_route=\/wp\/v2\/pages\/136"}],"collection":[{"href":"https:\/\/shop.photoretroviseur.com\/index.php?rest_route=\/wp\/v2\/pages"}],"about":[{"href":"https:\/\/shop.photoretroviseur.com\/index.php?rest_route=\/wp\/v2\/types\/page"}],"author":[{"embeddable":true,"href":"https:\/\/shop.photoretroviseur.com\/index.php?rest_route=\/wp\/v2\/users\/1"}],"replies":[{"embeddable":true,"href":"https:\/\/shop.photoretroviseur.com\/index.php?rest_route=%2Fwp%2Fv2%2Fcomments&post=136"}],"version-history":[{"count":8,"href":"https:\/\/shop.photoretroviseur.com\/index.php?rest_route=\/wp\/v2\/pages\/136\/revisions"}],"predecessor-version":[{"id":174,"href":"https:\/\/shop.photoretroviseur.com\/index.php?rest_route=\/wp\/v2\/pages\/136\/revisions\/174"}],"wp:attachment":[{"href":"https:\/\/shop.photoretroviseur.com\/index.php?rest_route=%2Fwp%2Fv2%2Fmedia&parent=136"}],"curies":[{"name":"wp","href":"https:\/\/api.w.org\/{rel}","templated":true}]}}